{"id":19,"date":"2014-06-12T12:33:05","date_gmt":"2014-06-12T10:33:05","guid":{"rendered":"http:\/\/mukom.mondragon.edu\/dendadigitala\/?page_id=19"},"modified":"2014-06-30T10:38:12","modified_gmt":"2014-06-30T08:38:12","slug":"contacto","status":"publish","type":"page","link":"https:\/\/mukom.mondragon.edu\/dendadigitala\/contacto\/","title":{"rendered":"Contacto"},"content":{"rendered":"<div>\n<h2><\/h2>\n<p><span style=\"font-size: 13px\">\u00bfTienes un comercio y miles de dudas a la hora de\u00a0utilizar Facebook, Twitter, Foursquare, etc? \u00bfCu\u00e1ndo buscas tu tienda en Google qu\u00e9 aparece?\u2026pues bi\u00e9n, la soluci\u00f3n ha llegado!<\/span><\/p>\n<\/div>\n<p>La Spri\u00a0a trav\u00e9s de Enpresa Digitala, pone a t\u00fa disposici\u00f3n\u00a0<strong>Denda Digitala<\/strong>, un espacio para que nos pregunt\u00e9is todas las dudas que teng\u00e1is acerca de la presencia de vuestro comercio en Internet.\u00a0<strong>\u00a1Nosotros contestamos!<\/strong><\/p>\n<p>Utiliza este formulario\u00a0para preguntar:<\/p>\n<div role=\"form\" class=\"wpcf7\" id=\"wpcf7-f13-o1\" lang=\"es-ES\" dir=\"ltr\">\n<div class=\"screen-reader-response\"><p role=\"status\" aria-live=\"polite\" aria-atomic=\"true\"><\/p> <ul><\/ul><\/div>\n<form action=\"\/dendadigitala\/wp-json\/wp\/v2\/pages\/19#wpcf7-f13-o1\" method=\"post\" class=\"wpcf7-form init\" novalidate=\"novalidate\" data-status=\"init\">\n<div style=\"display: none;\">\n<input type=\"hidden\" name=\"_wpcf7\" value=\"13\" \/>\n<input type=\"hidden\" name=\"_wpcf7_version\" value=\"5.6.4\" \/>\n<input type=\"hidden\" name=\"_wpcf7_locale\" value=\"es_ES\" \/>\n<input type=\"hidden\" name=\"_wpcf7_unit_tag\" value=\"wpcf7-f13-o1\" \/>\n<input type=\"hidden\" name=\"_wpcf7_container_post\" value=\"0\" \/>\n<input type=\"hidden\" name=\"_wpcf7_posted_data_hash\" value=\"\" \/>\n<\/div>\n<p>Nombre (requerido)<br \/>\n    <span class=\"wpcf7-form-control-wrap\" data-name=\"your-name\"><input type=\"text\" name=\"your-name\" value=\"\" size=\"40\" class=\"wpcf7-form-control wpcf7-text wpcf7-validates-as-required\" aria-required=\"true\" aria-invalid=\"false\" \/><\/span> <\/p>\n<p>E-mail (requerido)<br \/>\n    <span class=\"wpcf7-form-control-wrap\" data-name=\"your-email\"><input type=\"email\" name=\"your-email\" value=\"\" size=\"40\" class=\"wpcf7-form-control wpcf7-text wpcf7-email wpcf7-validates-as-required wpcf7-validates-as-email\" aria-required=\"true\" aria-invalid=\"false\" \/><\/span> <\/p>\n<p>Mensaje<br \/>\n    <span class=\"wpcf7-form-control-wrap\" data-name=\"your-message\"><textarea name=\"your-message\" cols=\"40\" rows=\"10\" class=\"wpcf7-form-control wpcf7-textarea\" aria-invalid=\"false\"><\/textarea><\/span> <\/p>\n<p><input type=\"submit\" value=\"Enviar\" class=\"wpcf7-form-control has-spinner wpcf7-submit\" \/><\/p>\n<p style=\"display: none !important;\"><label>&#916;<textarea name=\"_wpcf7_ak_hp_textarea\" cols=\"45\" rows=\"8\" maxlength=\"100\"><\/textarea><\/label><input type=\"hidden\" id=\"ak_js_1\" name=\"_wpcf7_ak_js\" value=\"103\"\/><script>document.getElementById( \"ak_js_1\" ).setAttribute( \"value\", ( new Date() ).getTime() );<\/script><\/p><div class=\"wpcf7-response-output\" aria-hidden=\"true\"><\/div><\/form><\/div>\n","protected":false},"excerpt":{"rendered":"<p>\u00bfTienes un comercio y miles de dudas a la hora de\u00a0utilizar Facebook, Twitter, Foursquare, etc? \u00bfCu\u00e1ndo buscas tu tienda en Google qu\u00e9 aparece?\u2026pues bi\u00e9n, la soluci\u00f3n ha llegado! La Spri\u00a0a trav\u00e9s de Enpresa Digitala, pone a t\u00fa disposici\u00f3n\u00a0Denda Digitala, un espacio para que nos pregunt\u00e9is todas las dudas que teng\u00e1is acerca de la presencia de vuestro comercio en Internet.\u00a0\u00a1Nosotros contestamos! Utiliza este formulario\u00a0para preguntar:<\/p>\n","protected":false},"author":197,"featured_media":0,"parent":0,"menu_order":0,"comment_status":"open","ping_status":"open","template":"","meta":[],"amp_enabled":true,"_links":{"self":[{"href":"https:\/\/mukom.mondragon.edu\/dendadigitala\/wp-json\/wp\/v2\/pages\/19"}],"collection":[{"href":"https:\/\/mukom.mondragon.edu\/dendadigitala\/wp-json\/wp\/v2\/pages"}],"about":[{"href":"https:\/\/mukom.mondragon.edu\/dendadigitala\/wp-json\/wp\/v2\/types\/page"}],"author":[{"embeddable":true,"href":"https:\/\/mukom.mondragon.edu\/dendadigitala\/wp-json\/wp\/v2\/users\/197"}],"replies":[{"embeddable":true,"href":"https:\/\/mukom.mondragon.edu\/dendadigitala\/wp-json\/wp\/v2\/comments?post=19"}],"version-history":[{"count":13,"href":"https:\/\/mukom.mondragon.edu\/dendadigitala\/wp-json\/wp\/v2\/pages\/19\/revisions"}],"predecessor-version":[{"id":130,"href":"https:\/\/mukom.mondragon.edu\/dendadigitala\/wp-json\/wp\/v2\/pages\/19\/revisions\/130"}],"wp:attachment":[{"href":"https:\/\/mukom.mondragon.edu\/dendadigitala\/wp-json\/wp\/v2\/media?parent=19"}],"curies":[{"name":"wp","href":"https:\/\/api.w.org\/{rel}","templated":true}]}}