{"id":2,"date":"2014-06-11T15:46:32","date_gmt":"2014-06-11T15:46:32","guid":{"rendered":"http:\/\/mukom.mondragon.edu\/dendadigitala\/?page_id=2"},"modified":"2014-06-20T14:41:10","modified_gmt":"2014-06-20T12:41:10","slug":"adibide-orrialdea","status":"publish","type":"page","link":"https:\/\/mukom.mondragon.edu\/dendadigitala\/adibide-orrialdea\/","title":{"rendered":"\u00bfQu\u00e9 es Denda Digitala?"},"content":{"rendered":"<p dir=\"ltr\">Denda Digitala es una sesi\u00f3n de formaci\u00f3n dirigida a los comercios de la comarca, en la queremos responder a la pregunta: \u00bfpuede Internet ayudarme a vender en mi comercio?<\/p>\n<p dir=\"ltr\">El objetivo fundamental es mejorar la presencia en Internet de los comercios, y que Internet se convierta en una herramienta eficiente para ellos. Mostraremos una serie de pautas y buenas pr\u00e1cticas para que los responsables de los comercios tengan criterios a la hora de tomar decisiones que afecten al sitio Web, a la p\u00e1gina en Facebook, etc.<\/p>\n<p dir=\"ltr\">Trataremos temas como los siguientes:<\/p>\n<ul>\n<li>\u00bfLa gente me encuentra cuando busca mi comercio en Google? \u00bfQu\u00e9 informaci\u00f3n aparece?<\/li>\n<li>\u00bfEs correcta la direcci\u00f3n y el tel\u00e9fono que Google muestra sobre mi?<\/li>\n<li>\u00bfHay opiniones o comentarios sobre mi comercio? \u00bfTengo que responder?<\/li>\n<li>\u00bfEl sitio Web transmite la actividad o las actividades principales del comercio?<\/li>\n<li>\u00bfQu\u00e9 hago si mi comercio est\u00e1 presente en Facebook como perfil personal y no como p\u00e1gina de negocio? \u00bfC\u00f3mo tengo que actuar en Facebook?<\/li>\n<li>\u00bfQu\u00e9 tipo de v\u00eddeos puedo grabar para YouTube?<\/li>\n<\/ul>\n<p dir=\"ltr\">Tambi\u00e9n mostraremos c\u00f3mo podemos usar el sitio Web, un blog, Facebook o YouTube para ganar presencia y visibilidad en Internet y para conversar con la gente, ya sean clientes actuales o potenciales clientes. Sin perder de vista nunca los objetivos de negocio.<\/p>\n<p dir=\"ltr\">En Denda Digitala est\u00e1 prohibido no preguntar, pretendemos que sea una sesi\u00f3n lo m\u00e1s interactiva posible y que no te quedes con las ganas de preguntar dudas o comentar los casos que expongamos.<\/p>\n","protected":false},"excerpt":{"rendered":"<p>Denda Digitala es una sesi\u00f3n de formaci\u00f3n dirigida a los comercios de la comarca, en la queremos responder a la pregunta: \u00bfpuede Internet ayudarme a vender en mi comercio? El objetivo fundamental es mejorar la presencia en Internet de los comercios, y que Internet se convierta en una herramienta eficiente para ellos. Mostraremos una serie de pautas y buenas pr\u00e1cticas para que los responsables de los comercios tengan criterios a la hora de tomar decisiones que afecten al sitio Web, a la p\u00e1gina en Facebook, etc. Trataremos temas como los siguientes: \u00bfLa gente me encuentra cuando busca mi comercio en Google? \u00bfQu\u00e9 informaci\u00f3n aparece? \u00bfEs correcta la direcci\u00f3n y el tel\u00e9fono que Google muestra sobre mi? \u00bfHay opiniones o comentarios sobre mi comercio? \u00bfTengo que responder? \u00bfEl sitio Web transmite la actividad o las actividades principales del comercio? \u00bfQu\u00e9 hago..<\/p>\n","protected":false},"author":197,"featured_media":0,"parent":0,"menu_order":0,"comment_status":"open","ping_status":"open","template":"","meta":[],"amp_enabled":true,"_links":{"self":[{"href":"https:\/\/mukom.mondragon.edu\/dendadigitala\/wp-json\/wp\/v2\/pages\/2"}],"collection":[{"href":"https:\/\/mukom.mondragon.edu\/dendadigitala\/wp-json\/wp\/v2\/pages"}],"about":[{"href":"https:\/\/mukom.mondragon.edu\/dendadigitala\/wp-json\/wp\/v2\/types\/page"}],"author":[{"embeddable":true,"href":"https:\/\/mukom.mondragon.edu\/dendadigitala\/wp-json\/wp\/v2\/users\/197"}],"replies":[{"embeddable":true,"href":"https:\/\/mukom.mondragon.edu\/dendadigitala\/wp-json\/wp\/v2\/comments?post=2"}],"version-history":[{"count":3,"href":"https:\/\/mukom.mondragon.edu\/dendadigitala\/wp-json\/wp\/v2\/pages\/2\/revisions"}],"predecessor-version":[{"id":67,"href":"https:\/\/mukom.mondragon.edu\/dendadigitala\/wp-json\/wp\/v2\/pages\/2\/revisions\/67"}],"wp:attachment":[{"href":"https:\/\/mukom.mondragon.edu\/dendadigitala\/wp-json\/wp\/v2\/media?parent=2"}],"curies":[{"name":"wp","href":"https:\/\/api.w.org\/{rel}","templated":true}]}}