{"id":15,"date":"2015-05-28T12:49:03","date_gmt":"2015-05-28T10:49:03","guid":{"rendered":"http:\/\/mukom.mondragon.edu\/masterinternacionalizacion\/?page_id=15"},"modified":"2015-11-08T11:08:29","modified_gmt":"2015-11-08T10:08:29","slug":"presentacion-de-profes","status":"publish","type":"page","link":"https:\/\/mukom.mondragon.edu\/masterinternacionalizacion\/presentacion-de-profes\/","title":{"rendered":"Presentaci\u00f3n de Profesores\/as"},"content":{"rendered":"<h1 style=\"padding-left: 0px\"><a href=\"http:\/\/www.mik.es\/wp-content\/blogs.dir\/1\/files\/2011\/08\/naiaraarnaez1.jpg\"><img loading=\"lazy\" class=\"alignleft wp-image-2102 size-full\" title=\"naiaraarnaez\" src=\"http:\/\/www.mik.es\/wp-content\/blogs.dir\/1\/files\/2011\/08\/naiaraarnaez1.jpg\" alt=\"\" width=\"210\" height=\"159\" \/><\/a><\/h1>\n<h2 style=\"padding-left: 0px;text-align: left\"><strong>Nombre: Naiara Arnaez<\/strong><\/h2>\n<h2 style=\"padding-left: 0px\">PhD en Internacionalizaci\u00f3n<\/h2>\n<h3 style=\"padding-left: 0px\"><small>EMAIL: narnaez@mondragon.edu<\/small><\/h3>\n<p style=\"text-align: left\"><strong>About me:<\/strong>Naiara Arnaez es profesora de Estrategia en la facultad de Empresariales de MU y Doctora en Ciencias Econ\u00f3micas y Empresariales por Mondragon Unibertsitatea en 2015. Su \u00e1mbito de investigaci\u00f3n es la Gesti\u00f3n Internacional de Recursos Humanos y el efecto de la multiculturalidad en el \u00e1mbito empresarial. Es colaboradora habitual del \u201cForo de Internacionalizaci\u00f3n y Capital Humano\u201d de La C\u00e1tedra de Internacionalizaci\u00f3n Empresarial, Diversidad y Desarrollo de la Universidad Pontificia Comillas y tambi\u00e9n colabora de forma regular con el \u00c1rea Internacional de la corporaci\u00f3n MONDRAGON, trabajando temas como la diplomacia corporativa, las estrategias de internacionalizaci\u00f3n, las compras internacionales, la investigaci\u00f3n de mercados a nivel global y la gesti\u00f3n de RRHH internacional, entre otros.<\/p>\n<h1 style=\"padding-left: 0px\"><a href=\"http:\/\/www.mik.es\/wp-content\/blogs.dir\/1\/files\/2011\/08\/jonaldazabal.jpg\"><img loading=\"lazy\" class=\"alignleft wp-image-2102 size-full\" title=\"jonaldazabal\" src=\"http:\/\/www.mik.es\/wp-content\/blogs.dir\/1\/files\/2011\/08\/jonaldazabal.jpg\" alt=\"\" width=\"210\" height=\"159\" \/><\/a><\/h1>\n<h2 style=\"padding-left: 0px;text-align: left\"><strong>Nombre: Jon Aldazabal<\/strong><\/h2>\n<h2 style=\"padding-left: 0px;text-align: left\"><strong>PhD candidate en Gesti\u00f3n de la Innovaci\u00f3n<br \/>\n<\/strong><\/h2>\n<h3 style=\"padding-left: 0px;text-align: left\">\u00a0<small>EMAIL: aldazabal@mik.es<\/small><\/h3>\n<p style=\"text-align: left\"><strong>About me:<\/strong> Coordinador de Proyectos en MIK S.Coop. Doctorando en Gesti\u00f3n de la Innovaci\u00f3n en Mondrag\u00f3n Unibertsitatea, Es PMP (Project Management Professional) del Project Management Institute (USA), M\u00e1ster en Administraci\u00f3n y Direcci\u00f3n de Empresas (MBA) por la Universidad de Mondrag\u00f3n. Titulado superior en t\u00e9cnicas de Administraci\u00f3n y Direcci\u00f3n de Empresas por la escuela de gesti\u00f3n empresarial de Elgoibar (Mondrag\u00f3n Unibertsitatea), T\u00e9cnico Superior en Administraci\u00f3n y Finanzas y ha cursado el programa de gesti\u00f3n de la innovaci\u00f3n por el IESE.<\/p>\n<p style=\"text-align: left\">Desde Diciembre del 2003, ha participado en diferentes proyectos de investigaci\u00f3n b\u00e1sica y aplicada relacionada con la innovaci\u00f3n, el dise\u00f1o y desarrollo de nuevos productos, la gesti\u00f3n del conocimiento y las formas organizativas. Anteriormente realiz\u00f3 labores de apoyo a proyectos de mejora surgidos a ra\u00edz de auto evaluaciones del modelo EFQM en TEKNIKER y trabaj\u00f3 en el departamento de calidad del grupo TTT.<\/p>\n<h1 style=\"padding-left: 0px\"><a href=\"http:\/\/www.mik.es\/wp-content\/blogs.dir\/1\/files\/2011\/08\/urkolopez.jpg\"><img loading=\"lazy\" class=\"alignleft wp-image-2102 size-full\" title=\"urkolopez\" src=\"http:\/\/www.mik.es\/wp-content\/blogs.dir\/1\/files\/2011\/08\/urkolopez.jpg\" alt=\"\" width=\"210\" height=\"159\" \/><\/a><\/h1>\n<h2 style=\"padding-left: 0px;text-align: left\"><strong>Nombre: Urko Lopez<\/strong><\/h2>\n<h2 style=\"padding-left: 0px;text-align: left\"><strong>PhD en Ciencias Econ\u00f3micas y Empresariales<\/strong><\/h2>\n<h3 style=\"padding-left: 0px;text-align: left\">\u00a0<small>EMAIL: ulopez@mondragon.edu<\/small><\/h3>\n<p style=\"text-align: left\"><strong>About me:<\/strong> Profesor de Enpresagintza Fakultatea e Investigador de MIK. Doctor en Ciencias Econ\u00f3micas y Empresariales por la Universidad del Pa\u00eds Vasco en 2008. Licenciado en Ciencias Econ\u00f3micas y Empresariales por la Universidad del Pa\u00eds Vasco. Profesor en diferentes programas de master e investigador de la Facultad de Ciencias Empresariales de Mondrag\u00f3n Unibertsitatea. Sus l\u00edneas de investigaci\u00f3n y docencia se centran en \u00e1reas como la estructura econ\u00f3mica mundial, la gesti\u00f3n de la innovaci\u00f3n, el an\u00e1lisis de los sistemas de innovaci\u00f3n a diferentes niveles, an\u00e1lisis de las pol\u00edticas tecnol\u00f3gicas y de innovaci\u00f3n. Ha participado en numerosos proyectos financiados por organismos p\u00fablicos a nivel regional, estatal y europeo. Autor y co-autor de trabajos publicados a nivel nacional e internacional. Ha participado en talleres y reflexiones estrat\u00e9gicas tanto para Gobierno Vasco (Libro Blanco de la Innovaci\u00f3n, Horizonte 2010), como para la Diputaci\u00f3n Foral de Gipuzkoa (Gipuzkoa Berritzen).<\/p>\n<p><a href=\"https:\/\/drive.google.com\/a\/mondragon.edu\/file\/d\/0B4p8yPkeA0zaZ24tNzVEYWdXdW8\/view?usp=sharing\"><img loading=\"lazy\" class=\"alignleft wp-image-2102 size-full\" title=\"berrbizneurzelai\" src=\"http:\/\/www.mik.es\/wp-content\/blogs.dir\/1\/files\/2011\/08\/berrbizneurzelai.jpg\" alt=\"\" width=\"210\" height=\"159\" \/><\/a><\/p>\n<h2 style=\"padding-left: 0px;text-align: left\"><strong>Nombre: Berrbizne Urzelai<\/strong><\/h2>\n<h2 style=\"padding-left: 0px;text-align: left\"><strong>PhD candidate en Internacionalizaci\u00f3n<\/strong><\/h2>\n<p>&nbsp;<\/p>\n<h3 style=\"padding-left: 0px;text-align: left\">\u00a0<small>EMAIL: burzelai@mondragon.edu<\/small><\/h3>\n<p><strong>About me: <\/strong>Berrbizne Urzelai es profesora en el \u00e1mbito de Organizaci\u00f3n, Investigaci\u00f3n Comercial y Gesti\u00f3n Estrat\u00e9gica en la facultad de Empresariales de Universidad de Mondragon (MU) y doctoranda en Ciencias Econ\u00f3micas y Empresariales por MU. Licenciada en Ciencias Econ\u00f3micas y Empresariales por MU en 2007, Master of Science (MSc) on East Asian Studies por la University of Bristol (UK) en 2009, Master of Business Administration (MBA) por MU en 2011. Posteriormente ha cursado diversos programas en \u00e1mbitos como la Gesti\u00f3n Internacional de PYMES (EOI) en 2012, Gesti\u00f3n de la Globalizaci\u00f3n, Innovaci\u00f3n y Tecnolog\u00eda (UV) en 2014 o Negociaci\u00f3n Internacional y Gesti\u00f3n Multicultural (Exteralia) en 2015. Ha realizado varias estancias de investigaci\u00f3n en China Europe International Business School (CEIBS) en 2010 y 2013 (Shanghai, PRC), Nottingham Trent University (NTU) en 2012 (UK), Universitat de Val\u00e8ncia en 2015 (Spain) y participado en diversos congresos internacionales (EIBA 2012, III International Congress on Chinese Studies 2012, 40th AIB-UKI 2013, 42nd AIB-UKI 2015, Clustering 2015). Sus \u00e1reas de inter\u00e9s en investigaci\u00f3n se centran en estrategias de entrada, aglomeraci\u00f3n industrial e inter-cooperaci\u00f3n empresarial, especialmente en Asia Oriental.<\/p>\n<h1 style=\"padding-left: 0px\"><a href=\"http:\/\/www.mik.es\/wp-content\/blogs.dir\/1\/files\/2011\/10\/nekanemorales.jpg\"><img loading=\"lazy\" class=\"alignleft wp-image-2102 size-full\" title=\"nekanemorales\" src=\"http:\/\/www.mik.es\/wp-content\/blogs.dir\/1\/files\/2011\/10\/nekanemorales.jpg\" alt=\"\" width=\"210\" height=\"159\" \/><\/a><\/h1>\n<h2 style=\"padding-left: 0px;text-align: left\"><strong>Nombre: Nekane Morales<\/strong><\/h2>\n<h2 style=\"padding-left: 0px;text-align: left\"><strong>PhD candidate en Internacionalizaci\u00f3n<\/strong><\/h2>\n<h3 style=\"padding-left: 0px;text-align: left\">\u00a0<small>EMAIL: nknmorales@mondragon.edu<\/small><\/h3>\n<p style=\"text-align: left\"><strong>About me:<\/strong> Soy Licenciada en Administraci\u00f3n y Direcci\u00f3n de Empresas y Diplomada en Ciencias Empresariales en Mondragon Unibertsitatea; especialidad en Comercio Internacional. He desarrollado los proyectos fin de carrera en ESTIA (Ecole Sup\u00e9rieure des Technologies Industrielles Avanc\u00e9es) y en el Instituto Tecnol\u00f3gico y de Estudios Superiores de Monterrey. Actualmente, pertenezco a la l\u00ednea de Internacionalizaci\u00f3n en MIK y colaboro como asistente de investigaci\u00f3n en el proyecto ERALAN2.<\/p>\n<p>&nbsp;<\/p>\n","protected":false},"excerpt":{"rendered":"<p>Nombre: Naiara Arnaez PhD en Internacionalizaci\u00f3n EMAIL: narnaez@mondragon.edu About me:Naiara Arnaez es profesora de Estrategia en la facultad de Empresariales de MU y Doctora en Ciencias Econ\u00f3micas y Empresariales por Mondragon Unibertsitatea en 2015. Su \u00e1mbito de investigaci\u00f3n es la Gesti\u00f3n Internacional de Recursos Humanos y el efecto de la multiculturalidad en el \u00e1mbito empresarial. Es colaboradora habitual del \u201cForo de Internacionalizaci\u00f3n y Capital Humano\u201d de La C\u00e1tedra de Internacionalizaci\u00f3n Empresarial, Diversidad y Desarrollo de la Universidad Pontificia Comillas y tambi\u00e9n colabora de forma regular con el \u00c1rea Internacional de la corporaci\u00f3n MONDRAGON, trabajando temas como la diplomacia corporativa, las estrategias de internacionalizaci\u00f3n, las compras internacionales, la investigaci\u00f3n de mercados a nivel global y la gesti\u00f3n de RRHH internacional, entre otros. Nombre: Jon Aldazabal PhD candidate en Gesti\u00f3n de la Innovaci\u00f3n \u00a0EMAIL: aldazabal@mik.es About me: Coordinador de Proyectos en MIK..<\/p>\n","protected":false},"author":232,"featured_media":0,"parent":0,"menu_order":0,"comment_status":"open","ping_status":"open","template":"","meta":[],"amp_enabled":true,"_links":{"self":[{"href":"https:\/\/mukom.mondragon.edu\/masterinternacionalizacion\/wp-json\/wp\/v2\/pages\/15"}],"collection":[{"href":"https:\/\/mukom.mondragon.edu\/masterinternacionalizacion\/wp-json\/wp\/v2\/pages"}],"about":[{"href":"https:\/\/mukom.mondragon.edu\/masterinternacionalizacion\/wp-json\/wp\/v2\/types\/page"}],"author":[{"embeddable":true,"href":"https:\/\/mukom.mondragon.edu\/masterinternacionalizacion\/wp-json\/wp\/v2\/users\/232"}],"replies":[{"embeddable":true,"href":"https:\/\/mukom.mondragon.edu\/masterinternacionalizacion\/wp-json\/wp\/v2\/comments?post=15"}],"version-history":[{"count":11,"href":"https:\/\/mukom.mondragon.edu\/masterinternacionalizacion\/wp-json\/wp\/v2\/pages\/15\/revisions"}],"predecessor-version":[{"id":104,"href":"https:\/\/mukom.mondragon.edu\/masterinternacionalizacion\/wp-json\/wp\/v2\/pages\/15\/revisions\/104"}],"wp:attachment":[{"href":"https:\/\/mukom.mondragon.edu\/masterinternacionalizacion\/wp-json\/wp\/v2\/media?parent=15"}],"curies":[{"name":"wp","href":"https:\/\/api.w.org\/{rel}","templated":true}]}}