{"id":19,"date":"2015-06-03T10:38:07","date_gmt":"2015-06-03T08:38:07","guid":{"rendered":"http:\/\/mukom.mondragon.edu\/masterinternacionalizacion\/?page_id=19"},"modified":"2015-09-11T09:08:16","modified_gmt":"2015-09-11T07:08:16","slug":"modelo-de-aprendizaje","status":"publish","type":"page","link":"https:\/\/mukom.mondragon.edu\/masterinternacionalizacion\/modelo-de-aprendizaje\/","title":{"rendered":"Modelo de Aprendizaje"},"content":{"rendered":"<p>Los estudios en la Facultad de Empresariales de MONDRAGON UNIBERTSITATEA\u00a0se caracterizan por la\u00a0<strong>practicidad y\u00a0<\/strong>la<strong>\u00a0cooperaci\u00f3n<\/strong>. Por ese motivo coordinamos el esfuerzo conjunto de\u00a0<strong>profesores profesionales y profesionales profesores<\/strong>\u00a0de otras instituciones (universidades, consultoras, empresas, cooperativas, &#8230;) empleando casos reales y metodolog\u00edas activas en las sesiones formativas.<\/p>\n<p>La\u00a0<strong>metodolog\u00eda<\/strong>\u00a0de formaci\u00f3n es muy\u00a0<strong>activa y\u00a0orientada a la participaci\u00f3n y total interacci\u00f3n\u00a0con los estudiantes, en coherencia con los\u00a0valores de la nueva econom\u00eda digital.<\/strong><\/p>\n<h4><\/h4>\n<h4><strong>LEARNING BY DOING<\/strong><\/h4>\n<p><strong>Formaci\u00f3n pr\u00e1ctica basada en competencias.\u00a0<\/strong>Aprendizaje basado en la aplicaci\u00f3n pr\u00e1ctica de\u00a0los contenidos, como v\u00eda para la adquisici\u00f3n de\u00a0las competencias.<\/p>\n","protected":false},"excerpt":{"rendered":"<p>Los estudios en la Facultad de Empresariales de MONDRAGON UNIBERTSITATEA\u00a0se caracterizan por la\u00a0practicidad y\u00a0la\u00a0cooperaci\u00f3n. Por ese motivo coordinamos el esfuerzo conjunto de\u00a0profesores profesionales y profesionales profesores\u00a0de otras instituciones (universidades, consultoras, empresas, cooperativas, &#8230;) empleando casos reales y metodolog\u00edas activas en las sesiones formativas. La\u00a0metodolog\u00eda\u00a0de formaci\u00f3n es muy\u00a0activa y\u00a0orientada a la participaci\u00f3n y total interacci\u00f3n\u00a0con los estudiantes, en coherencia con los\u00a0valores de la nueva econom\u00eda digital. LEARNING BY DOING Formaci\u00f3n pr\u00e1ctica basada en competencias.\u00a0Aprendizaje basado en la aplicaci\u00f3n pr\u00e1ctica de\u00a0los contenidos, como v\u00eda para la adquisici\u00f3n de\u00a0las competencias.<\/p>\n","protected":false},"author":232,"featured_media":0,"parent":0,"menu_order":0,"comment_status":"open","ping_status":"open","template":"","meta":[],"amp_enabled":true,"_links":{"self":[{"href":"https:\/\/mukom.mondragon.edu\/masterinternacionalizacion\/wp-json\/wp\/v2\/pages\/19"}],"collection":[{"href":"https:\/\/mukom.mondragon.edu\/masterinternacionalizacion\/wp-json\/wp\/v2\/pages"}],"about":[{"href":"https:\/\/mukom.mondragon.edu\/masterinternacionalizacion\/wp-json\/wp\/v2\/types\/page"}],"author":[{"embeddable":true,"href":"https:\/\/mukom.mondragon.edu\/masterinternacionalizacion\/wp-json\/wp\/v2\/users\/232"}],"replies":[{"embeddable":true,"href":"https:\/\/mukom.mondragon.edu\/masterinternacionalizacion\/wp-json\/wp\/v2\/comments?post=19"}],"version-history":[{"count":3,"href":"https:\/\/mukom.mondragon.edu\/masterinternacionalizacion\/wp-json\/wp\/v2\/pages\/19\/revisions"}],"predecessor-version":[{"id":41,"href":"https:\/\/mukom.mondragon.edu\/masterinternacionalizacion\/wp-json\/wp\/v2\/pages\/19\/revisions\/41"}],"wp:attachment":[{"href":"https:\/\/mukom.mondragon.edu\/masterinternacionalizacion\/wp-json\/wp\/v2\/media?parent=19"}],"curies":[{"name":"wp","href":"https:\/\/api.w.org\/{rel}","templated":true}]}}