{"id":21,"date":"2015-06-03T10:38:59","date_gmt":"2015-06-03T08:38:59","guid":{"rendered":"http:\/\/mukom.mondragon.edu\/masterinternacionalizacion\/?page_id=21"},"modified":"2015-09-11T09:10:22","modified_gmt":"2015-09-11T07:10:22","slug":"programa-formativo","status":"publish","type":"page","link":"https:\/\/mukom.mondragon.edu\/masterinternacionalizacion\/programa-formativo\/","title":{"rendered":"Programa Formativo"},"content":{"rendered":"<p>Con miras a alcanzar el objetivo general del MASTER UNIVERSITARIO EN INTERNACIONALIZACI\u00d3N DE ORGANIZACIONES de proporcionar las competencias necesarias para gestionar y liderar empresas internacionalizadas, las ense\u00f1anzas se han distribuido en los siguientes m\u00f3dulos:<\/p>\n<p><strong>M\u00f3dulo I: Contextualizaci\u00f3n. El Entorno Global.<\/strong> Las materias del primer m\u00f3dulo se orientan a la consecuci\u00f3n de aquellas competencias de car\u00e1cter personal que faciliten el desempe\u00f1o profesional del estudiante a trav\u00e9s del an\u00e1lisis.<\/p>\n<p><strong>M\u00f3dulo II. Localizaci\u00f3n. \u00bfDonde?.<\/strong> Este m\u00f3dulo incluye aquellas materias que ayuden al estudiante a situarse en el entorno empresarial y profesional en el que deber\u00e1 desarrollas su labor profesional: Caracter\u00edsticas del entorno, factores de localizaci\u00f3n, fuentes de informaci\u00f3n, estrategias de entrada en mercados, la log\u00edstica internacional, o rasgos principales de la aplicaci\u00f3n de la filosof\u00eda de la internacionalizaci\u00f3n en el contexto competitivo actual.<\/p>\n<p><strong>M\u00f3dulo III. Glocalizaci\u00f3n. \u00bfC\u00f3mo?.<\/strong> Las materias de este m\u00f3dulo proporcionan al l estudiante las competencias y herramientas necesarias para la puesta en marcha de proyectos empresariales a nivel internacional, como el posicionamiento, la estrategia de negocio, el modelo de gesti\u00f3n\/ organizativo, la gesti\u00f3n de personas y el control financiero..<\/p>\n<p><strong>M\u00f3dulo IV. Adaptaci\u00f3n Geogr\u00e1fica.<\/strong> Las materias de este m\u00f3dulo proporcionan al estudiante la capacidad de interpretar la informaci\u00f3n, que puede variar dependiendo del \u00e1rea geogr\u00e1fica.<\/p>\n<p><strong>Proyecto Final de M\u00e1ster:<\/strong> en el que se aplicar\u00e1n las competencias y contenidos adquiridos a lo largo del M\u00e1ster.<\/p>\n<p>El m\u00e1ster se organiza y estructura mediante amplias unidades acad\u00e9micas de ense\u00f1anza-aprendizaje que denominamos m\u00f3dulos. Dichos m\u00f3dulos contienen a su vez varias materias, siendo \u00e9stas las unidades administrativas de matr\u00edcula.<\/p>\n<p>Los m\u00f3dulos vienen a definir los bloques de la titulaci\u00f3n y abarcan cuatro grandes grupos, descritos en el apartado 5.1.<\/p>\n<p>Las materias, que tienen un car\u00e1cter interdisciplinar, se definen en este plan de estudios en funci\u00f3n de los grandes bloques tem\u00e1ticos (m\u00f3dulos) que constituyen el perfil espec\u00edfico de esta titulaci\u00f3n.<\/p>\n<p>En el siguiente cuadro se observa la estructura de las materias por m\u00f3dulo e itinerario.<\/p>\n","protected":false},"excerpt":{"rendered":"<p>Con miras a alcanzar el objetivo general del MASTER UNIVERSITARIO EN INTERNACIONALIZACI\u00d3N DE ORGANIZACIONES de proporcionar las competencias necesarias para gestionar y liderar empresas internacionalizadas, las ense\u00f1anzas se han distribuido en los siguientes m\u00f3dulos: M\u00f3dulo I: Contextualizaci\u00f3n. El Entorno Global. Las materias del primer m\u00f3dulo se orientan a la consecuci\u00f3n de aquellas competencias de car\u00e1cter personal que faciliten el desempe\u00f1o profesional del estudiante a trav\u00e9s del an\u00e1lisis. M\u00f3dulo II. Localizaci\u00f3n. \u00bfDonde?. Este m\u00f3dulo incluye aquellas materias que ayuden al estudiante a situarse en el entorno empresarial y profesional en el que deber\u00e1 desarrollas su labor profesional: Caracter\u00edsticas del entorno, factores de localizaci\u00f3n, fuentes de informaci\u00f3n, estrategias de entrada en mercados, la log\u00edstica internacional, o rasgos principales de la aplicaci\u00f3n de la filosof\u00eda de la internacionalizaci\u00f3n en el contexto competitivo actual. M\u00f3dulo III. Glocalizaci\u00f3n. \u00bfC\u00f3mo?. Las materias de este m\u00f3dulo proporcionan..<\/p>\n","protected":false},"author":232,"featured_media":0,"parent":0,"menu_order":0,"comment_status":"open","ping_status":"open","template":"","meta":[],"amp_enabled":true,"_links":{"self":[{"href":"https:\/\/mukom.mondragon.edu\/masterinternacionalizacion\/wp-json\/wp\/v2\/pages\/21"}],"collection":[{"href":"https:\/\/mukom.mondragon.edu\/masterinternacionalizacion\/wp-json\/wp\/v2\/pages"}],"about":[{"href":"https:\/\/mukom.mondragon.edu\/masterinternacionalizacion\/wp-json\/wp\/v2\/types\/page"}],"author":[{"embeddable":true,"href":"https:\/\/mukom.mondragon.edu\/masterinternacionalizacion\/wp-json\/wp\/v2\/users\/232"}],"replies":[{"embeddable":true,"href":"https:\/\/mukom.mondragon.edu\/masterinternacionalizacion\/wp-json\/wp\/v2\/comments?post=21"}],"version-history":[{"count":2,"href":"https:\/\/mukom.mondragon.edu\/masterinternacionalizacion\/wp-json\/wp\/v2\/pages\/21\/revisions"}],"predecessor-version":[{"id":42,"href":"https:\/\/mukom.mondragon.edu\/masterinternacionalizacion\/wp-json\/wp\/v2\/pages\/21\/revisions\/42"}],"wp:attachment":[{"href":"https:\/\/mukom.mondragon.edu\/masterinternacionalizacion\/wp-json\/wp\/v2\/media?parent=21"}],"curies":[{"name":"wp","href":"https:\/\/api.w.org\/{rel}","templated":true}]}}