{"id":540,"date":"2012-10-03T09:24:16","date_gmt":"2012-10-03T09:24:16","guid":{"rendered":"http:\/\/mukom.mondragon.edu\/organizacion-industrial\/?page_id=540"},"modified":"2013-10-17T12:23:42","modified_gmt":"2013-10-17T12:23:42","slug":"lan-eskaintzak","status":"publish","type":"page","link":"https:\/\/mukom.mondragon.edu\/organizacion-industrial\/lan-eskaintzak\/","title":{"rendered":"Ofertas de trabajo"},"content":{"rendered":"<p>&nbsp;<\/p>\n<p><span style=\"color: #333399\"><em>Data: 2013<\/em>\/10\/09 \u00a0\u00a0\u00a0 \u00a0 \u00a0 \u00a0 \u00a0 \u00a0 \u00a0<em>\u00a0 Azken eguna<\/em>: 2013\/10\/15\u00a0 \u00a0 \u00a0 \u00a0 \u00a0 \u00a0 \u00a0\u00a0 \u00a0\u00a0\u00a0\u00a0 <em>Egoera: <\/em><strong>ITXITA \u00a0<\/strong><\/span><\/p>\n<p>Oferta de trabajo dirigida a alumnos que actualmente est\u00e1n cursando <strong>Master de Direcci\u00f3n de proyectos e innovaci\u00f3n empresarial<\/strong>. Esta es la informaci\u00f3n referente al puesto de trabajo.<\/p>\n<p><strong>Empresa ALBERDI MEKANIZATUAK: <\/strong><\/p>\n<p><strong>\u00a0<img loading=\"lazy\" class=\"aligncenter\" src=\"http:\/\/eko-tx.com\/wp-content\/uploads\/2012\/06\/ALBERDI.gif\" alt=\"\" width=\"550\" height=\"83\" \/><\/strong><\/p>\n<p>La empresa ALBERDI MEKANIZATUAK, ubicada en Azkoitia (Gipuzkoa) se dedica al mecanizado y decoletaje de precisi\u00f3n.\u00a0 Esta empresa desea incorporar un alumno para las siguientes funciones.<\/p>\n<p>La persona\u00a0 que se incorpore a este proyecto, realizar\u00e1 dos funciones principales:<\/p>\n<ol>\n<li>Se encargar\u00e1 de la organizaci\u00f3n y puesta en marcha de diferentes sistemas de calidad que est\u00e9n relacionadas con la actividad principal de la empresa dedicada al sector del mecanizado.<\/li>\n<li>Participar\u00e1 en un proyecto europeo de I+D+i, siendo el responsable principal de la empresa, tanto de la gesti\u00f3n administrativa como de la interlocuci\u00f3n con el l\u00edder del proyecto<\/li>\n<li><\/li>\n<\/ol>\n<p>En caso de estar interesados, enviar vuestro curriculum a esta direcci\u00f3n:<\/p>\n<p><a href=\"mailto:gunzueta@mondragon.edu\">gunzueta@mondragon.edu<\/a><\/p>\n<p>&nbsp;<\/p>\n<p><span style=\"color: #333399\"><em>Data: 2013<\/em>\/10\/01 \u00a0 \u00a0 \u00a0 \u00a0 \u00a0 \u00a0 \u00a0 \u00a0\u00a0<em>\u00a0 Azken eguna<\/em>: 2013\/10\/07 \u00a0 \u00a0 \u00a0 \u00a0 \u00a0 \u00a0 \u00a0 \u00a0 \u00a0\u00a0\u00a0<em>Egoera:\u00a0<\/em><strong>ITXITA<\/strong><\/span><\/p>\n<p>Oferta de trabajo de<strong> OSARTEN<\/strong> (Mondragon)<\/p>\n<p style=\"text-align: justify\">La oferta est\u00e1 dirigida a alumnos que est\u00e1n cursando actualmente el <strong>Master de Direcci\u00f3n de proyectos\u00a0 e innovaci\u00f3n empresarial<\/strong>. Esta es la informaci\u00f3n referente al puesto de trabajo.<\/p>\n<p style=\"text-align: justify\">La empresa OSARTEN S.Koop, es una cooperativa orientada al mundo de la salud, la empresa saludable, cultura de la gesti\u00f3n preventiva, gesti\u00f3n del estr\u00e9s, \u2026 El \u00faltimo a\u00f1o ha lanzado un nuevo servicio y en estos momentos desean comercializarlo (Diagn\u00f3stico de la salud en la empresa saludable). Por lo tanto al alumno deber\u00e1 acompa\u00f1ar al responsable en este proceso durante el lanzamiento (Dise\u00f1o del cat\u00e1logo, campa\u00f1as comerciales, \u2026).<\/p>\n<p style=\"text-align: justify\">Por otro lado, est\u00e1n desarrollando un nuevo servicio en el que necesitan apoyo por parte del alumno para el lanzamiento de este nuevo servicio.<\/p>\n<p style=\"text-align: justify\">En caso de estar interesados, enviar vuestro curriculum a esta direcci\u00f3n:<\/p>\n<p><a href=\"mailto:gunzueta@mondragon.edu\">gunzueta@mondragon.edu<\/a><\/p>\n<p><img loading=\"lazy\" class=\"aligncenter\" src=\"http:\/\/www.mondragon-corporation.com\/portals\/0\/extdinamic\/image\/l_osarten.gif\" alt=\"\" width=\"180\" height=\"145\" \/><\/p>\n<p><em>\u00a0<\/em><\/p>\n<p><span style=\"color: #333399\"><em>Data: 2013<\/em>\/10\/01 \u00a0 \u00a0 \u00a0 \u00a0 \u00a0 \u00a0 \u00a0 \u00a0\u00a0<em>\u00a0 Azken eguna<\/em>: 2013\/10\/07 \u00a0 \u00a0 \u00a0 \u00a0 \u00a0 \u00a0 \u00a0 \u00a0 \u00a0\u00a0\u00a0<em>Egoera:\u00a0<\/em><strong>ITXITA<\/strong><\/span><\/p>\n<p style=\"text-align: justify\">Oferta de trabajo de <strong>COINALDE<\/strong> (Vitoria-Gasteiz, Jundiz)<\/p>\n<p style=\"text-align: justify\">La oferta est\u00e1 dirigida a alumnos que est\u00e1n cursando actualmente, <strong>3\u00ba<strong>Grado en Organizaci\u00f3n industrial<\/strong><\/strong>. Esta es la informaci\u00f3n referente al puesto de trabajo.<\/p>\n<p style=\"text-align: justify\">La empresa COINALDE desea contratar a un alumno en alternancia estudio trabajo con el fin de desarrollar un nuevo modelo organizativo, interactuando con los responsables de la empresa con el objetivo de modificar y mejorar el modelo de gesti\u00f3n actual. La empresa muestra inter\u00e9s en contratar al alumno a medio largo plazo.<\/p>\n<p style=\"text-align: justify\">En caso de estar interesados, enviar vuestro curriculum a esta direcci\u00f3n:<\/p>\n<p><a href=\"mailto:gunzueta@mondragon.edu\">gunzueta@mondragon.edu<\/a><\/p>\n<p><img loading=\"lazy\" class=\"aligncenter\" src=\"http:\/\/www.grupo-santana.com\/carrito\/logos\/COINALDE.JPG\" alt=\"\" width=\"281\" height=\"175\" \/><\/p>\n<p>&nbsp;<\/p>\n<p><span style=\"color: #333399\"><em>Data: 2013<\/em>\/10\/01 \u00a0 \u00a0 \u00a0 \u00a0 \u00a0 \u00a0 \u00a0 \u00a0\u00a0<em>\u00a0 Azken eguna<\/em>: 2013\/10\/07 \u00a0 \u00a0 \u00a0 \u00a0 \u00a0 \u00a0 \u00a0 \u00a0 \u00a0\u00a0\u00a0<em>Egoera:\u00a0<\/em><strong>ITXITA<\/strong><\/span><\/p>\n<p style=\"text-align: justify\">Oferta de trabajo de <strong>LANA<\/strong> (O\u00f1ati)<\/p>\n<p style=\"text-align: justify\">La oferta est\u00e1 dirigida a alumnos que est\u00e1n cursando actualmente el <strong>Master de Direcci\u00f3n de proyectos\u00a0 e innovaci\u00f3n empresarial, <\/strong><strong>o para alumnos que est\u00e1n cursando 3\u00ba Grado en Organizaci\u00f3n industrial<\/strong>. Esta es la informaci\u00f3n referente al puesto de trabajo.<\/p>\n<p style=\"text-align: justify\">La empresa LANA, est\u00e1 realizando cambios en sus sistemas de calidad, sistemas de medioambiente y sistema de seguridad laboral. Para ello desea disponer de un alumno que acompa\u00f1e en estas tareas en las cuales habr\u00e1 que desarrollar procedimientos, modificar los existentes, integrar los tres sistemas gesti\u00f3n, \u2026<\/p>\n<p style=\"text-align: justify\">En caso de estar interesados, enviar vuestro curriculum a esta direcci\u00f3n:<\/p>\n<p><a href=\"mailto:gunzueta@mondragon.edu\">gunzueta@mondragon.edu<\/a><\/p>\n<p><img loading=\"lazy\" class=\"aligncenter\" src=\"http:\/\/www.erkide.coop\/files\/cooperativas\/580_1.gif\" alt=\"\" width=\"205\" height=\"84\" \/><\/p>\n<p>&nbsp;<\/p>\n<p><span style=\"color: #666699\"><em>Data: 2013<\/em>\/09\/18 \u00a0 \u00a0 \u00a0 \u00a0 \u00a0 \u00a0 \u00a0 \u00a0\u00a0<em>\u00a0 Azken eguna<\/em>: 2013\/09\/20 \u00a0 \u00a0 \u00a0 \u00a0 \u00a0 \u00a0 \u00a0 \u00a0 \u00a0 \u00a0\u00a0<em>Egoera:\u00a0<\/em><strong><\/strong><\/span><span style=\"color: #666699\"><strong>ITXITA<\/strong><\/span><\/p>\n<p>Oferta de trabajo de Irizar. La oferta est\u00e1 dirigida a alumnos del <strong>Master de Direcci\u00f3n de proyectos\u00a0 e innovaci\u00f3n empresarial<\/strong>. Esta es la informaci\u00f3n referente al puesto de trabajo<\/p>\n<p><strong>IRIZAR:<\/strong><\/p>\n<p>Se ofrece la oportunidad de integrarse en el \u00e1rea de producci\u00f3n de <strong>IRIZAR<\/strong>. Esta persona tendr\u00eda como principales objetivos:<\/p>\n<p>1.\u00a0\u00a0\u00a0\u00a0\u00a0\u00a0 An\u00e1lisis del proceso productivo para detectar puntos cr\u00edticos de planificaci\u00f3n-aprovisionamiento.<\/p>\n<p>2.\u00a0\u00a0\u00a0\u00a0\u00a0\u00a0 Estudio del proceso de comunicaci\u00f3n de faltantes de personas como de materiales, as\u00ed como su incidencia sobre los no terminados.<\/p>\n<p>3.\u00a0\u00a0\u00a0\u00a0\u00a0\u00a0 An\u00e1lisis y propuestas de mejora encaminadas a reducir los no terminados de cada \u00e1rea\/T5.<\/p>\n<p>En caso de estar interesados, enviar vuestro curriculum a esta direcci\u00f3n:<\/p>\n<p><a href=\"mailto:gunzueta@mondragon.edu\">gunzueta@mondragon.edu<\/a><\/p>\n<p>&nbsp;<\/p>\n<p><span style=\"color: #666699\"><em>Data: 2013<\/em>\/09\/18 \u00a0 \u00a0 \u00a0 \u00a0 \u00a0 \u00a0 \u00a0 \u00a0\u00a0<em>\u00a0 Azken eguna<\/em>: 2013\/09\/20 \u00a0 \u00a0 \u00a0 \u00a0 \u00a0 \u00a0 \u00a0 \u00a0 \u00a0 \u00a0\u00a0<em>Egoera:\u00a0<\/em><\/span><strong><span style=\"color: #666699\">ITXITA<\/span><\/strong><\/p>\n<p>Oferta de trabajo de Saiolan. La oferta est\u00e1 dirigida a alumnos del\u00a0<strong>M\u00e1ster en Direcci\u00f3n de proyectos e innovaci\u00f3n empresarial<\/strong>. Esta es la informaci\u00f3n referente al puesto de trabajo.<\/p>\n<p><strong>SAIOLAN:<\/strong><\/p>\n<p style=\"text-align: justify\">El objetivo de este trabajo, es detectar nuevas aplicaciones a los automatismos que actualmente fabrica ERREKA Automatismos. Erreka Automatismos plantea a Saiolan su inter\u00e9s en estudiar otros sectores para ver si los productos que actualmente fabrican pudieran tener encaje en nuevos sectores o aplicaciones.<br \/>\nSe plantea un proyecto para el desarrollo de un estudio de prospecci\u00f3n de actuadores autom\u00e1ticos en nuevos sectores para Erreka. La finalidad de este estudio es detectar nuevas aplicaciones a los productos que actualmente fabrica Erreka Automatismos, y conocer detalles del mercado, competidores,\u2026<\/p>\n<p>En caso de estar interesados, enviar vuestro curriculum a esta direcci\u00f3n:<\/p>\n<p><a href=\"mailto:gunzueta@mondragon.edu\">gunzueta@mondragon.edu<\/a><\/p>\n<p>&nbsp;<\/p>\n<p><span style=\"color: #333399\"><em>Data: 2013<\/em>\/04\/24 \u00a0\u00a0\u00a0 \u00a0 \u00a0 \u00a0 \u00a0 \u00a0 \u00a0 <em>\u00a0 Azken eguna<\/em>: 2013\/05\/10\u00a0 \u00a0 \u00a0 \u00a0 \u00a0 \u00a0 \u00a0\u00a0 \u00a0\u00a0\u00a0\u00a0\u00a0 <em>Egoera: <\/em><strong>ITXITA\u00a0 <\/strong><\/span><\/p>\n<p><strong>Debagoieneko Mankomunitateak Industri Antolakuntza graduko ikasle<\/strong> bat behar du orain lanaldi erdian hasi eta datorren urtean Gradu Amaierako Lana bertan burutzeko.<\/p>\n<p>Gradu Amaierako Lanaren helburua atez-ateko zabor bilketa eraginkor bat egiteko proiektua eratu, eta martxan jarritakoan jarraipena egin eta bilketa sistema eten gabe hobetzea izango da.<\/p>\n<p>Interesatuak bidali CV-a 2013\/05\/10 a baino lehen Gorka Unzuetari (gunzueta@mondragon.edu)<\/p>\n<p>&nbsp;<\/p>\n<p><span style=\"color: #333399\"><em>Fecha: 11<\/em>\/04\/2013 \u00a0\u00a0\u00a0\u00a0 \u00a0 \u00a0 \u00a0 \u00a0 \u00a0 \u00a0 <em>\u00a0 Fecha l\u00edmite<\/em>: 19\/04\/2013\u00a0 \u00a0 \u00a0 \u00a0 \u00a0 \u00a0 \u00a0\u00a0 \u00a0\u00a0\u00a0\u00a0\u00a0 <em>Estado: <\/em><strong>CERRADO\u00a0 <\/strong><\/span><\/p>\n<p>Se busca<strong> Ingeniero en Organizaci\u00f3n Industrial<\/strong> para <strong>Jefe de Producci\u00f3n<\/strong> en una <strong>Planta de Energ\u00eda<\/strong> situada en la <strong>Zona Noreste<\/strong>. Se encargar\u00e1 de liderar la producci\u00f3n y el equipo, optimizando la gesti\u00f3n y garantizando el cumplimiento de los ratios.<\/p>\n<p>Funciones:<\/p>\n<ul>\n<li>Direcci\u00f3n de equipo. Gesti\u00f3n del personal a turnos<\/li>\n<li>Gesti\u00f3n y supervisi\u00f3n del proceso de producci\u00f3n<\/li>\n<li>Evaluaci\u00f3n en el cumplimiento de las instrucciones para garantizar la calidad<\/li>\n<li>Evaluaci\u00f3n del cumplimiento de los est\u00e1ndares de Seguridad, Calidad, Medio Ambiente y Eficiencia Energ\u00e9tica<\/li>\n<li>Etc.<\/li>\n<\/ul>\n<p>Se requiere:<\/p>\n<ul>\n<li>Experiencia m\u00ednima de 3 a\u00f1os en puestos similares<\/li>\n<li>Se valorar\u00e1 especialmente experiencia en procesos de producci\u00f3n a turnos<\/li>\n<li>Conocimiento en energ\u00edas renovables<\/li>\n<li>Nivel alto de ingl\u00e9s<\/li>\n<\/ul>\n<p>Interesados mandar CV antes del 19\/04\/2013 a\u00a0\u00a0\u00a0 lan.poltsa.mgep@mondragon.edu<\/p>\n<p>&nbsp;<\/p>\n<p><span style=\"color: #333399\"><em>Fecha: 09<\/em>\/04\/2013 \u00a0\u00a0\u00a0\u00a0 \u00a0 \u00a0 \u00a0 \u00a0 \u00a0 \u00a0 <em>\u00a0 Fecha l\u00edmite<\/em>: 10\/05\/2013\u00a0 \u00a0 \u00a0 \u00a0 \u00a0 \u00a0 \u00a0\u00a0 \u00a0\u00a0\u00a0\u00a0\u00a0 <em>Estado:<\/em> <strong>CERRADO<\/strong><\/span><\/p>\n<p>Empresa del <strong>sector de la madera<\/strong> situada en Urretxu busca a un estudiante de <strong>GRADO EN ORGANIZACI\u00d3N INDUSTRIAL\u00a0<\/strong>\u00a0 para realizar el seguimiento de los clientes.<\/p>\n<p>Interesados mandar CV antes del 10\/05\/2013 a\u00a0\u00a0 Gorka Unzueta (gunzueta@mondragon.edu)<\/p>\n<p>&nbsp;<\/p>\n<p><span style=\"color: #333399\"><em>Fecha: 20<\/em>\/03\/2013 \u00a0\u00a0\u00a0\u00a0 \u00a0 \u00a0 \u00a0 \u00a0 \u00a0 \u00a0 <em>\u00a0 Fecha l\u00edmite<\/em>: 22\/03\/2013\u00a0 \u00a0 \u00a0 \u00a0 \u00a0 \u00a0 \u00a0\u00a0 \u00a0\u00a0\u00a0\u00a0\u00a0 <em>Estado:<\/em> <\/span><strong><span style=\"color: #333399\">CERRADO<\/span> <\/strong><\/p>\n<p>Empresa especializada en <strong>la impresi\u00f3n y mecanizado de metales y pl\u00e1sticos<\/strong> para el sector industrial, situada en <strong>San Sebasti\u00e1n<\/strong> busca Ingeniero para <strong>jefe de ventas<\/strong>.<\/p>\n<p>Responsabilidades:<\/p>\n<ul>\n<li>Realizar la labor comercial \u00edntegra.<\/li>\n<li>Analizar nuevos nichos de mercado y posibilidades de negocio.<\/li>\n<li>Participar en el desarrollo estrat\u00e9gico.<\/li>\n<li>Apoyar al jefe de taller en la planificaci\u00f3n de la producci\u00f3n.<\/li>\n<\/ul>\n<p>Se requiere:<\/p>\n<ul>\n<li>Experiencia de 2-3 a\u00f1os en gesti\u00f3n y labores comerciales.<\/li>\n<li>Habilidades de comunicaci\u00f3n y trabajo en equipo.<\/li>\n<li>Buen manejo de herramientas de ofim\u00e1tica.<\/li>\n<li>Coche propio y disponibilidad para viajar.<\/li>\n<li>Se valorar\u00e1 dominio de ingl\u00e9s y franc\u00e9s.<\/li>\n<\/ul>\n<p>Interesados mandar CV antes del 22\/03\/2013 a\u00a0\u00a0\u00a0 lan.poltsa.mgep@mondragon.edu<\/p>\n<p>&nbsp;<\/p>\n<p><span style=\"color: #333399\"><em>Fecha: 19<\/em>\/03\/2013 \u00a0\u00a0\u00a0\u00a0 \u00a0 \u00a0 \u00a0 \u00a0 \u00a0 \u00a0 <em>\u00a0 Fecha l\u00edmite<\/em>: 27\/03\/2013\u00a0 \u00a0 \u00a0 \u00a0 \u00a0 \u00a0 \u00a0\u00a0 \u00a0\u00a0\u00a0\u00a0\u00a0 <em>Estado:<\/em> <strong><em><\/em>CERRADO<\/strong><em><br \/>\n<\/em><\/span><\/p>\n<p>Empresa del <strong>sector siderometal\u00fargico<\/strong> situada en el alto urola busca <strong>INGENIERO SUPERIOR EN ORGANIZACI\u00d3N INDUSTRIAL<\/strong> para incorporarse en el <strong>departamento de producci\u00f3n<\/strong>.<\/p>\n<p>Las funciones a realizar:<\/p>\n<ul>\n<li>Interlocuci\u00f3n t\u00e9cnica con el cliente<\/li>\n<li>Realizaci\u00f3n de informes de aprobaci\u00f3n de piezas<\/li>\n<li>Colaborar en determinar, normalizar y simplificar el proceso productivo<\/li>\n<li>Colaborar en definir la distribuci\u00f3n en planta<\/li>\n<li>Etc.<\/li>\n<\/ul>\n<p>Se requiere:<\/p>\n<ul>\n<li>Experiencia: no es necesaria<\/li>\n<li>Idiomas: Ingl\u00e9s (FIRST)<\/li>\n<li>Inform\u00e1tica: nivel usuario<\/li>\n<li>Actitudes: motivaci\u00f3n e iniciativa<\/li>\n<\/ul>\n<p>Interesados mandar CV antes del 27\/03\/2013 a\u00a0\u00a0\u00a0 lan.poltsa.mgep@mondragon.edu<\/p>\n<p>&nbsp;<\/p>\n<p>&nbsp;<\/p>\n<p><a title=\"HYDAC-en lan egiterik nahi? por Organizaci\u00f3n industrial, en Flickr\" href=\"http:\/\/www.flickr.com\/photos\/organizacion_industrial\/8161418223\/\"><img loading=\"lazy\" class=\"alignnone\" src=\"http:\/\/farm8.staticflickr.com\/7280\/8161418223_cb9c01170d_m.jpg\" alt=\"HYDAC-en lan egiterik nahi?\" width=\"154\" height=\"66\" \/><\/a><\/p>\n<p><span style=\"color: #333399\"><em>Fecha: <\/em>6\/11\/2012\u00a0\u00a0\u00a0\u00a0\u00a0 \u00a0 \u00a0 \u00a0 \u00a0 \u00a0 \u00a0 <em>\u00a0 Fecha l\u00edmite<\/em>: 26\/11\/2012\u00a0 \u00a0 \u00a0 \u00a0 \u00a0 \u00a0 \u00a0\u00a0 \u00a0\u00a0\u00a0\u00a0\u00a0 <em>Estado:<\/em><strong> CERRADO<\/strong><em><br \/>\n<\/em><\/span><\/p>\n<p style=\"text-align: justify\">La empresa alemana <strong><a href=\"http:\/\/www.hydac.com\/\">Hydac Technology<\/a> <\/strong>est\u00e1 buscando a un <strong>ingeniero en organizaci\u00f3n industrial <\/strong>o a un<strong> ingeniero industrial <\/strong>para trabajar en su delegaci\u00f3n de Durango<strong>. <\/strong><\/p>\n<p style=\"text-align: justify\">Es imprescindible hablar ingl\u00e9s y disponer de veh\u00edculo propio.<\/p>\n<p style=\"text-align: justify\">Interesados mandar en CV antes del 26\/11\/2012 a Lorea Exp\u00f3sito (lexposito@mondragon.edu)<\/p>\n<p style=\"text-align: justify\"><a title=\"matz-erreka lan egiteko gogorik? kontaktatu gurekin por Organizaci\u00f3n industrial, en Flickr\" href=\"http:\/\/www.flickr.com\/photos\/organizacion_industrial\/8047182308\/\"><img loading=\"lazy\" src=\"http:\/\/farm9.staticflickr.com\/8179\/8047182308_5018a17d1f_m.jpg\" alt=\"matz-erreka lan egiteko gogorik? kontaktatu gurekin\" width=\"175\" height=\"48\" \/><\/a><span style=\"color: #333399\"><em>Data<\/em>: 2012\/10\/2\u00a0\u00a0\u00a0\u00a0\u00a0\u00a0\u00a0\u00a0 <em>Egoera<\/em>: <\/span><strong><span style=\"color: #333399\">Itxita<\/span> <\/strong><\/p>\n<p style=\"text-align: justify\"><strong>Matz-Erreka S.Koop.<\/strong> enpresak <strong>Antolakuntzako Gradua<\/strong> egiten ari den <strong>3.mailako<\/strong> ikasle baten beharra dauka bertan lanean hasteko.<\/p>\n<p style=\"text-align: justify\">Matz-Erreka S.Koop. Antzuolan dagoen enpresa da eta lanean hasiko den ikaslea ingurukoa izatea gustatuko litzaieke.<\/p>\n<p style=\"text-align: justify\"><span style=\"text-decoration: underline\">Kontaktua<\/span>: Gorka Unzueta (gunzueta@mondragon.edu)<\/p>\n<p><a title=\"Grumal-en lan egiterik nahi? por Organizaci\u00f3n industrial, en Flickr\" href=\"http:\/\/www.flickr.com\/photos\/organizacion_industrial\/8047437512\/\"><img loading=\"lazy\" src=\"http:\/\/farm9.staticflickr.com\/8180\/8047437512_525816a2cf_m.jpg\" alt=\"Grumal-en lan egiterik nahi?\" width=\"137\" height=\"47\" \/><\/a><span style=\"color: #333399\"><em>Data<\/em>: 2012\/10\/2\u00a0\u00a0\u00a0\u00a0\u00a0\u00a0\u00a0\u00a0\u00a0\u00a0\u00a0<em>\u00a0\u00a0\u00a0\u00a0\u00a0\u00a0\u00a0 Egoera<\/em>: <strong>Itxita<\/strong><\/span><\/p>\n<p style=\"text-align: justify\">Azpeitian aurkitu eta altzarigintzara dedikatzen den <strong>Grumal<\/strong> enpresak, <strong>Antolakuntza Graduko<\/strong> edo <strong>Enpresa Berrikuntza eta Proiektu Zuzendaritza masterreko<\/strong> ikasle baten beharra du \u00abPlantako datu bilketa\u00bb proiektuan parte hartzeko.<\/p>\n<p><span style=\"text-decoration: underline\">Kontaktua<\/span>: Gorka Unzueta (gunzueta@mondragon.edu)<\/p>\n","protected":false},"excerpt":{"rendered":"<p>&nbsp; Data: 2013\/10\/09 \u00a0\u00a0\u00a0 \u00a0 \u00a0 \u00a0 \u00a0 \u00a0 \u00a0\u00a0 Azken eguna: 2013\/10\/15\u00a0 \u00a0 \u00a0 \u00a0 \u00a0 \u00a0 \u00a0\u00a0 \u00a0\u00a0\u00a0\u00a0 Egoera: ITXITA \u00a0 Oferta de trabajo dirigida a alumnos que actualmente est\u00e1n cursando Master de Direcci\u00f3n de proyectos e innovaci\u00f3n empresarial. Esta es la informaci\u00f3n referente al puesto de trabajo. Empresa ALBERDI MEKANIZATUAK: \u00a0 La empresa ALBERDI MEKANIZATUAK, ubicada en Azkoitia (Gipuzkoa) se dedica al mecanizado y decoletaje de precisi\u00f3n.\u00a0 Esta empresa desea incorporar un alumno para las siguientes funciones. La persona\u00a0 que se incorpore a este proyecto, realizar\u00e1 dos funciones principales: Se encargar\u00e1 de la organizaci\u00f3n y puesta en marcha de diferentes sistemas de calidad que est\u00e9n relacionadas con la actividad principal de la empresa dedicada al sector del mecanizado. Participar\u00e1 en un proyecto europeo de I+D+i, siendo el responsable principal de la empresa, tanto de la gesti\u00f3n administrativa..<\/p>\n","protected":false},"author":110,"featured_media":0,"parent":0,"menu_order":0,"comment_status":"open","ping_status":"open","template":"","meta":[],"amp_enabled":true,"_links":{"self":[{"href":"https:\/\/mukom.mondragon.edu\/organizacion-industrial\/wp-json\/wp\/v2\/pages\/540"}],"collection":[{"href":"https:\/\/mukom.mondragon.edu\/organizacion-industrial\/wp-json\/wp\/v2\/pages"}],"about":[{"href":"https:\/\/mukom.mondragon.edu\/organizacion-industrial\/wp-json\/wp\/v2\/types\/page"}],"author":[{"embeddable":true,"href":"https:\/\/mukom.mondragon.edu\/organizacion-industrial\/wp-json\/wp\/v2\/users\/110"}],"replies":[{"embeddable":true,"href":"https:\/\/mukom.mondragon.edu\/organizacion-industrial\/wp-json\/wp\/v2\/comments?post=540"}],"version-history":[{"count":35,"href":"https:\/\/mukom.mondragon.edu\/organizacion-industrial\/wp-json\/wp\/v2\/pages\/540\/revisions"}],"predecessor-version":[{"id":922,"href":"https:\/\/mukom.mondragon.edu\/organizacion-industrial\/wp-json\/wp\/v2\/pages\/540\/revisions\/922"}],"wp:attachment":[{"href":"https:\/\/mukom.mondragon.edu\/organizacion-industrial\/wp-json\/wp\/v2\/media?parent=540"}],"curies":[{"name":"wp","href":"https:\/\/api.w.org\/{rel}","templated":true}]}}