{"id":1979,"date":"2013-03-25T12:08:06","date_gmt":"2013-03-25T12:08:06","guid":{"rendered":"http:\/\/mukom.mondragon.edu\/socialmedia\/?page_id=1979"},"modified":"2013-03-25T12:45:43","modified_gmt":"2013-03-25T12:45:43","slug":"kontsultamu","status":"publish","type":"page","link":"https:\/\/mukom.mondragon.edu\/socialmedia\/kontsultamu\/","title":{"rendered":"KontsultaMU"},"content":{"rendered":"<h1>Galdetu, erantzungo dizugu!<\/h1>\n<p>Social Media, Estrategia Online, Redes Sociales, Anal\u00edtica Web, Adwords, SEO, Internacionalizaci\u00f3n Web, Mobile Marketing, Linkedin, \u2026tantos frentes abiertos cuando hablamos de Marketing Digital \/ Online y miles de dudas a la hora de aplicarlo en nuestro negocio\u2026pues bi\u00e9n, la soluci\u00f3n ha llegado!<\/p>\n<p>Mondragon Unibertsitatea pone a t\u00fa disposici\u00f3n\u00a0<strong>KontsultaMU<\/strong>, un espacio para que nos pregunt\u00e9is todas las dudas que os rondan por la cabeza sobre Marketing Digital.\u00a0<strong>\u00a1Nosotros contestamos!<\/strong><\/p>\n<p>Pero,\u00a0<strong>\u00bfc\u00f3mo pregunto?<\/strong>\u00a0Tienes tres v\u00edas: enviando un mail a\u00a0<a href=\"mailto:kontsultamu@mondragon.edu\">kontsultamu@mondragon.edu<\/a>, v\u00eda twitter con el hashtag #kontsultamu \u00f3 utilizar este formulario:<\/p>\n<div role=\"form\" class=\"wpcf7\" id=\"wpcf7-f1582-o1\" dir=\"ltr\">\n<div class=\"screen-reader-response\"><p role=\"status\" aria-live=\"polite\" aria-atomic=\"true\"><\/p> <ul><\/ul><\/div>\n<form action=\"\/socialmedia\/wp-json\/wp\/v2\/pages\/1979#wpcf7-f1582-o1\" method=\"post\" class=\"wpcf7-form init\" novalidate=\"novalidate\" data-status=\"init\">\n<div style=\"display: none;\">\n<input type=\"hidden\" name=\"_wpcf7\" value=\"1582\" \/>\n<input type=\"hidden\" name=\"_wpcf7_version\" value=\"5.6.4\" \/>\n<input type=\"hidden\" name=\"_wpcf7_locale\" value=\"\" \/>\n<input type=\"hidden\" name=\"_wpcf7_unit_tag\" value=\"wpcf7-f1582-o1\" \/>\n<input type=\"hidden\" name=\"_wpcf7_container_post\" value=\"0\" \/>\n<input type=\"hidden\" name=\"_wpcf7_posted_data_hash\" value=\"\" \/>\n<\/div>\n<p>Nombre (requerido)<br \/>\n    <span class=\"wpcf7-form-control-wrap\" data-name=\"your-name\"><input type=\"text\" name=\"your-name\" value=\"\" size=\"40\" class=\"wpcf7-form-control wpcf7-text wpcf7-validates-as-required\" aria-required=\"true\" aria-invalid=\"false\" \/><\/span> <\/p>\n<p>email (requerido)<br \/>\n    <span class=\"wpcf7-form-control-wrap\" data-name=\"your-email\"><input type=\"email\" name=\"your-email\" value=\"\" size=\"40\" class=\"wpcf7-form-control wpcf7-text wpcf7-email wpcf7-validates-as-required wpcf7-validates-as-email\" aria-required=\"true\" aria-invalid=\"false\" \/><\/span> <\/p>\n<p>\u00bfCu\u00e1l es tu pregunta?<br \/>\n    <span class=\"wpcf7-form-control-wrap\" data-name=\"your-message\"><textarea name=\"your-message\" cols=\"40\" rows=\"10\" class=\"wpcf7-form-control wpcf7-textarea\" aria-invalid=\"false\"><\/textarea><\/span> <\/p>\n<p><input type=\"submit\" value=\"Enviar\" class=\"wpcf7-form-control has-spinner wpcf7-submit\" \/><\/p>\n<p style=\"display: none !important;\"><label>&#916;<textarea name=\"_wpcf7_ak_hp_textarea\" cols=\"45\" rows=\"8\" maxlength=\"100\"><\/textarea><\/label><input type=\"hidden\" id=\"ak_js_1\" name=\"_wpcf7_ak_js\" value=\"200\"\/><script>document.getElementById( \"ak_js_1\" ).setAttribute( \"value\", ( new Date() ).getTime() );<\/script><\/p><div class=\"wpcf7-response-output\" aria-hidden=\"true\"><\/div><\/form><\/div>\n<p><strong>\u00bfD\u00f3nde recibo la respuesta?<\/strong><\/p>\n<p>Todas las respuestas ser\u00e1n un post dentro de este blog, accesibles desde\u00a0<a href=\"http:\/\/mukom.mondragon.edu\/socialmedia\/category\/kontsultamu\/\">http:\/\/mukom.mondragon.edu\/socialmedia\/category\/kontsultamu\/<\/a>. Gracias a los comentarios del post, todos podremos aportar claridad a vuestras dudas y vosotros podr\u00e9is seguir con el tema.<\/p>\n<p>A\u00fan as\u00ed, recibir\u00e1s una notificaci\u00f3n en el mismo medio que hayas utilizado para llegar a nosotros y as\u00ed facilitarte el enlace de la respuesta.<\/p>\n<p>&nbsp;<\/p>\n<p>Animatu eta galdetu, erantzuteko irrikitan gaude!<\/p>\n<p>#kontsultamu<\/p>\n","protected":false},"excerpt":{"rendered":"<p>Galdetu, erantzungo dizugu! Social Media, Estrategia Online, Redes Sociales, Anal\u00edtica Web, Adwords, SEO, Internacionalizaci\u00f3n Web, Mobile Marketing, Linkedin, \u2026tantos frentes abiertos cuando hablamos de Marketing Digital \/ Online y miles de dudas a la hora de aplicarlo en nuestro negocio\u2026pues bi\u00e9n, la soluci\u00f3n ha llegado! Mondragon Unibertsitatea pone a t\u00fa disposici\u00f3n\u00a0KontsultaMU, un espacio para que nos pregunt\u00e9is todas las dudas que os rondan por la cabeza sobre Marketing Digital.\u00a0\u00a1Nosotros contestamos! Pero,\u00a0\u00bfc\u00f3mo pregunto?\u00a0Tienes tres v\u00edas: enviando un mail a\u00a0kontsultamu@mondragon.edu, v\u00eda twitter con el hashtag #kontsultamu \u00f3 utilizar este formulario: \u00bfD\u00f3nde recibo la respuesta? Todas las respuestas ser\u00e1n un post dentro de este blog, accesibles desde\u00a0http:\/\/mukom.mondragon.edu\/socialmedia\/category\/kontsultamu\/. Gracias a los comentarios del post, todos podremos aportar claridad a vuestras dudas y vosotros podr\u00e9is seguir con el tema. A\u00fan as\u00ed, recibir\u00e1s una notificaci\u00f3n en el mismo medio que hayas utilizado para llegar a nosotros..<\/p>\n","protected":false},"author":65,"featured_media":0,"parent":0,"menu_order":0,"comment_status":"open","ping_status":"open","template":"","meta":[],"yoast_head":"<!-- This site is optimized with the Yoast SEO plugin v19.8 - https:\/\/yoast.com\/wordpress\/plugins\/seo\/ -->\n<title>KontsultaMU - SocialMedia<\/title>\n<meta name=\"robots\" content=\"index, follow, max-snippet:-1, max-image-preview:large, max-video-preview:-1\" \/>\n<meta property=\"og:locale\" content=\"es_ES\" \/>\n<meta property=\"og:type\" content=\"article\" \/>\n<meta property=\"og:title\" content=\"KontsultaMU - SocialMedia\" \/>\n<meta property=\"og:description\" content=\"Galdetu, erantzungo dizugu! Social Media, Estrategia Online, Redes Sociales, Anal\u00edtica Web, Adwords, SEO, Internacionalizaci\u00f3n Web, Mobile Marketing, Linkedin, \u2026tantos frentes abiertos cuando hablamos de Marketing Digital \/ Online y miles de dudas a la hora de aplicarlo en nuestro negocio\u2026pues bi\u00e9n, la soluci\u00f3n ha llegado! Mondragon Unibertsitatea pone a t\u00fa disposici\u00f3n\u00a0KontsultaMU, un espacio para que nos pregunt\u00e9is todas las dudas que os rondan por la cabeza sobre Marketing Digital.\u00a0\u00a1Nosotros contestamos! Pero,\u00a0\u00bfc\u00f3mo pregunto?\u00a0Tienes tres v\u00edas: enviando un mail a\u00a0kontsultamu@mondragon.edu, v\u00eda twitter con el hashtag #kontsultamu \u00f3 utilizar este formulario: \u00bfD\u00f3nde recibo la respuesta? Todas las respuestas ser\u00e1n un post dentro de este blog, accesibles desde\u00a0http:\/\/mukom.mondragon.edu\/socialmedia\/category\/kontsultamu\/. Gracias a los comentarios del post, todos podremos aportar claridad a vuestras dudas y vosotros podr\u00e9is seguir con el tema. A\u00fan as\u00ed, recibir\u00e1s una notificaci\u00f3n en el mismo medio que hayas utilizado para llegar a nosotros..\" \/>\n<meta property=\"og:url\" content=\"https:\/\/mukom.mondragon.edu\/socialmedia\/kontsultamu\/\" \/>\n<meta property=\"og:site_name\" content=\"SocialMedia\" \/>\n<meta property=\"article:modified_time\" content=\"2013-03-25T12:45:43+00:00\" \/>\n<meta name=\"twitter:label1\" content=\"Tiempo de lectura\" \/>\n\t<meta name=\"twitter:data1\" content=\"1 minuto\" \/>\n<script type=\"application\/ld+json\" class=\"yoast-schema-graph\">{\"@context\":\"https:\/\/schema.org\",\"@graph\":[{\"@type\":\"WebPage\",\"@id\":\"https:\/\/mukom.mondragon.edu\/socialmedia\/kontsultamu\/\",\"url\":\"https:\/\/mukom.mondragon.edu\/socialmedia\/kontsultamu\/\",\"name\":\"KontsultaMU - SocialMedia\",\"isPartOf\":{\"@id\":\"https:\/\/mukom.mondragon.edu\/socialmedia\/#website\"},\"datePublished\":\"2013-03-25T12:08:06+00:00\",\"dateModified\":\"2013-03-25T12:45:43+00:00\",\"breadcrumb\":{\"@id\":\"https:\/\/mukom.mondragon.edu\/socialmedia\/kontsultamu\/#breadcrumb\"},\"inLanguage\":\"es\",\"potentialAction\":[{\"@type\":\"ReadAction\",\"target\":[\"https:\/\/mukom.mondragon.edu\/socialmedia\/kontsultamu\/\"]}]},{\"@type\":\"BreadcrumbList\",\"@id\":\"https:\/\/mukom.mondragon.edu\/socialmedia\/kontsultamu\/#breadcrumb\",\"itemListElement\":[{\"@type\":\"ListItem\",\"position\":1,\"name\":\"Home\",\"item\":\"https:\/\/mukom.mondragon.edu\/socialmedia\/\"},{\"@type\":\"ListItem\",\"position\":2,\"name\":\"KontsultaMU\"}]},{\"@type\":\"WebSite\",\"@id\":\"https:\/\/mukom.mondragon.edu\/socialmedia\/#website\",\"url\":\"https:\/\/mukom.mondragon.edu\/socialmedia\/\",\"name\":\"SocialMedia\",\"description\":\"El blog sobre Social Media de Mondragon Unibertsitatea\",\"potentialAction\":[{\"@type\":\"SearchAction\",\"target\":{\"@type\":\"EntryPoint\",\"urlTemplate\":\"https:\/\/mukom.mondragon.edu\/socialmedia\/?s={search_term_string}\"},\"query-input\":\"required name=search_term_string\"}],\"inLanguage\":\"es\"}]}<\/script>\n<!-- \/ Yoast SEO plugin. -->","yoast_head_json":{"title":"KontsultaMU - SocialMedia","robots":{"index":"index","follow":"follow","max-snippet":"max-snippet:-1","max-image-preview":"max-image-preview:large","max-video-preview":"max-video-preview:-1"},"og_locale":"es_ES","og_type":"article","og_title":"KontsultaMU - SocialMedia","og_description":"Galdetu, erantzungo dizugu! Social Media, Estrategia Online, Redes Sociales, Anal\u00edtica Web, Adwords, SEO, Internacionalizaci\u00f3n Web, Mobile Marketing, Linkedin, \u2026tantos frentes abiertos cuando hablamos de Marketing Digital \/ Online y miles de dudas a la hora de aplicarlo en nuestro negocio\u2026pues bi\u00e9n, la soluci\u00f3n ha llegado! Mondragon Unibertsitatea pone a t\u00fa disposici\u00f3n\u00a0KontsultaMU, un espacio para que nos pregunt\u00e9is todas las dudas que os rondan por la cabeza sobre Marketing Digital.\u00a0\u00a1Nosotros contestamos! Pero,\u00a0\u00bfc\u00f3mo pregunto?\u00a0Tienes tres v\u00edas: enviando un mail a\u00a0kontsultamu@mondragon.edu, v\u00eda twitter con el hashtag #kontsultamu \u00f3 utilizar este formulario: \u00bfD\u00f3nde recibo la respuesta? Todas las respuestas ser\u00e1n un post dentro de este blog, accesibles desde\u00a0http:\/\/mukom.mondragon.edu\/socialmedia\/category\/kontsultamu\/. Gracias a los comentarios del post, todos podremos aportar claridad a vuestras dudas y vosotros podr\u00e9is seguir con el tema. A\u00fan as\u00ed, recibir\u00e1s una notificaci\u00f3n en el mismo medio que hayas utilizado para llegar a nosotros..","og_url":"https:\/\/mukom.mondragon.edu\/socialmedia\/kontsultamu\/","og_site_name":"SocialMedia","article_modified_time":"2013-03-25T12:45:43+00:00","twitter_misc":{"Tiempo de lectura":"1 minuto"},"schema":{"@context":"https:\/\/schema.org","@graph":[{"@type":"WebPage","@id":"https:\/\/mukom.mondragon.edu\/socialmedia\/kontsultamu\/","url":"https:\/\/mukom.mondragon.edu\/socialmedia\/kontsultamu\/","name":"KontsultaMU - SocialMedia","isPartOf":{"@id":"https:\/\/mukom.mondragon.edu\/socialmedia\/#website"},"datePublished":"2013-03-25T12:08:06+00:00","dateModified":"2013-03-25T12:45:43+00:00","breadcrumb":{"@id":"https:\/\/mukom.mondragon.edu\/socialmedia\/kontsultamu\/#breadcrumb"},"inLanguage":"es","potentialAction":[{"@type":"ReadAction","target":["https:\/\/mukom.mondragon.edu\/socialmedia\/kontsultamu\/"]}]},{"@type":"BreadcrumbList","@id":"https:\/\/mukom.mondragon.edu\/socialmedia\/kontsultamu\/#breadcrumb","itemListElement":[{"@type":"ListItem","position":1,"name":"Home","item":"https:\/\/mukom.mondragon.edu\/socialmedia\/"},{"@type":"ListItem","position":2,"name":"KontsultaMU"}]},{"@type":"WebSite","@id":"https:\/\/mukom.mondragon.edu\/socialmedia\/#website","url":"https:\/\/mukom.mondragon.edu\/socialmedia\/","name":"SocialMedia","description":"El blog sobre Social Media de Mondragon Unibertsitatea","potentialAction":[{"@type":"SearchAction","target":{"@type":"EntryPoint","urlTemplate":"https:\/\/mukom.mondragon.edu\/socialmedia\/?s={search_term_string}"},"query-input":"required name=search_term_string"}],"inLanguage":"es"}]}},"amp_enabled":true,"_links":{"self":[{"href":"https:\/\/mukom.mondragon.edu\/socialmedia\/wp-json\/wp\/v2\/pages\/1979"}],"collection":[{"href":"https:\/\/mukom.mondragon.edu\/socialmedia\/wp-json\/wp\/v2\/pages"}],"about":[{"href":"https:\/\/mukom.mondragon.edu\/socialmedia\/wp-json\/wp\/v2\/types\/page"}],"author":[{"embeddable":true,"href":"https:\/\/mukom.mondragon.edu\/socialmedia\/wp-json\/wp\/v2\/users\/65"}],"replies":[{"embeddable":true,"href":"https:\/\/mukom.mondragon.edu\/socialmedia\/wp-json\/wp\/v2\/comments?post=1979"}],"version-history":[{"count":7,"href":"https:\/\/mukom.mondragon.edu\/socialmedia\/wp-json\/wp\/v2\/pages\/1979\/revisions"}],"predecessor-version":[{"id":1986,"href":"https:\/\/mukom.mondragon.edu\/socialmedia\/wp-json\/wp\/v2\/pages\/1979\/revisions\/1986"}],"wp:attachment":[{"href":"https:\/\/mukom.mondragon.edu\/socialmedia\/wp-json\/wp\/v2\/media?parent=1979"}],"curies":[{"name":"wp","href":"https:\/\/api.w.org\/{rel}","templated":true}]}}