{"id":2,"date":"2010-12-09T09:28:53","date_gmt":"2010-12-09T09:28:53","guid":{"rendered":"http:\/\/mukom.mondragon.edu\/socialmedia\/?page_id=2"},"modified":"2015-01-27T15:37:07","modified_gmt":"2015-01-27T14:37:07","slug":"acerca-de","status":"publish","type":"page","link":"https:\/\/mukom.mondragon.edu\/socialmedia\/acerca-de\/","title":{"rendered":"Guri buruz \/ Qui\u00e9nes somos \/ About us"},"content":{"rendered":"<div style=\"clear: both\">\n<p><span style=\"color: #888888\"><img loading=\"lazy\" style=\"margin: 8px 10px 5px 0px;float: left\" alt=\"foto de I\u00f1aki Lakarra\" src=\"http:\/\/mukom.mondragon.edu\/socialmedia\/files\/2010\/12\/photo_perfil_il-264x300.jpg\" width=\"158\" height=\"180\" \/><\/span><\/p>\n<h4><a name=\"Laki\"><\/a><span style=\"color: #888888\">I\u00f1aki Lakarra<\/span><\/h4>\n<p><span style=\"color: #888888\">I\u00f1aki es profesor de Mondragon Unibertsitatea con m\u00e1s de 20 a\u00f1os de experiencia en formaci\u00f3n a empresas, organismos e instituciones. C\u00f3mo Investigador del \u00e1rea de Telematica, ha trabajado en numerosos proyectos de implantaci\u00f3n para las empresas. Coordinador y ponente en diferentes masters en el \u00e1rea del Marketing Digital. <a href=\"http:\/\/www.linkedin.com\/in\/ilakarra\" target=\"_blank\">LinkedIn<\/a> \/ <a href=\"http:\/\/twitter.com\/ilakarra\" target=\"_blank\">Twitter<\/a> \/ <a href=\"http:\/\/www.lakarra.net\/\" target=\"_blank\">Cicloteka<\/a><\/span><\/p>\n<\/div>\n<div style=\"clear: both\">\n<p><span style=\"color: #888888\"><img loading=\"lazy\" style=\"margin: 8px 10px 5px 0px;float: right\" alt=\"foto de Miguel\" src=\"http:\/\/mukom.mondragon.edu\/socialmedia\/files\/2010\/12\/photo_perfil_mf.jpg\" width=\"158\" height=\"180\" \/><\/span><\/p>\n<h4><a name=\"Lostinweb20\"><\/a><span style=\"color: #888888\">Miguel Fern\u00e1ndez<\/span><\/h4>\n<p><span style=\"color: #888888\">Miguel es Ingeniero Superior de Telecomunicaciones por la Universidad del Pa\u00eds Vasco. Comenz\u00f3 como t\u00e9cnico de redes y sistemas donde adquiri\u00f3 una gran experiencia en el dise\u00f1o, implantaci\u00f3n, mantenimiento y gesti\u00f3n de redes LAN y WAN. Es experto en redes sociales e imparte cursos dentro de diferentes m\u00e1sters. <a href=\"http:\/\/www.linkedin.com\/in\/miguelfernandezarrieta\" target=\"_blank\">LinkedIn<\/a> \/ <a href=\"http:\/\/twitter.com\/lostinweb20\" target=\"_blank\">Twitter<\/a><\/span><\/p>\n<\/div>\n<div style=\"clear: both\">\n<p><span style=\"color: #888888\"><img loading=\"lazy\" style=\"margin: 8px 10px 5px 0px;float: left\" alt=\"foto de Jesus\" src=\"http:\/\/mukom.mondragon.edu\/socialmedia\/files\/2010\/12\/photo_perfil_jl-264x300.jpg\" width=\"158\" height=\"180\" \/><\/span><\/p>\n<h4><a name=\"JL_PIcard\"><\/a><span style=\"color: #888888\">Jes\u00fas Lizarraga<\/span><\/h4>\n<p><span style=\"color: #888888\">Jesus es Ingeniero en Inform\u00e1tica por Mondragon Unibertsitatea y M.Sc. en computaci\u00f3n por la\u00a0 Universidad de Staffordshire (UK). Es adem\u00e1s instructor homologado de CCNA de CISCO. Tiene una amplia experiencia tanto docente como pr\u00e1ctica en redes y sistemas de informaci\u00f3n. Tambi\u00e9n ha adquirido amplios conocimientos de social media y actualmente ocupan gran parte de su vida profesional. <a href=\"http:\/\/www.linkedin.com\/in\/jlizarraga\" target=\"_blank\">LinkedIn<\/a> \/ <a href=\"http:\/\/twitter.com\/jl_picard\" target=\"_blank\">Twitter<\/a><\/span><\/p>\n<\/div>\n<div style=\"clear: both\">\n<p><span style=\"color: #888888\"><img loading=\"lazy\" style=\"margin: 8px 10px 5px 0px;float: right\" alt=\"foto de Eli\" src=\"http:\/\/mukom.mondragon.edu\/socialmedia\/files\/2014\/01\/photo_perfil_eg.jpg\" width=\"158\" height=\"180\" \/><\/span><\/p>\n<h4><a name=\"Elitxuon\"><\/a><span style=\"color: #888888\">Eli Garcia<\/span><\/h4>\n<p><span style=\"color: #888888\">Eli had her degeree in Engineering in Computer Sciences from the Basque public university. She has a broad experience in industry acquired working for different customers while she was in Hewlett Packard. She is now mostly engaged in professional training for companies. Her main research interests are Social Media and Digital Marketing. <a href=\"http:\/\/www.linkedin.com\/in\/elixabetegarcia\" target=\"_blank\">LinkedIn<\/a> \/ <a href=\"http:\/\/twitter.com\/elitxuon\" target=\"_blank\">Twitter<\/a><\/span><\/p>\n<\/div>\n<div style=\"clear: both\">\n<p><span style=\"color: #888888\"><img loading=\"lazy\" style=\"margin: 8px 10px 5px 0px;float: left\" alt=\"foto de Roberto\" src=\"http:\/\/mukom.mondragon.edu\/socialmedia\/files\/2010\/12\/photo_perfil_ru-e1291991096759-264x300.jpg\" width=\"158\" height=\"180\" \/><\/span><\/p>\n<h4><a name=\"Globotomy\"><\/a><span style=\"color: #888888\">Roberto Uribeetxeberria<\/span><\/h4>\n<p><span style=\"color: #888888\">Roberto obtained his PhD in Mobile Communications at Staffordshire University (UK) in 2001. He combines lecturing and research at Mondragon University. He has coordinated the research activities of the group in the areas of networking, computer security, embedded system security and more recently social networking technologies. He is member of the Steering Board of in the ARTEMIS Industrial Association. <a href=\"http:\/\/www.linkedin.com\/in\/ruribeetxeberria\" target=\"_blank\">LinkedIn<\/a> \/ <a href=\"http:\/\/twitter.com\/globotomy\" target=\"_blank\">Twitter<\/a><\/span><\/p>\n<\/div>\n<div style=\"clear: both\">\n<p><span style=\"color: #888888\"><img loading=\"lazy\" style=\"margin: 8px 10px 5px 0px;float: right\" alt=\"foto de Urko\" src=\"http:\/\/mukom.mondragon.edu\/socialmedia\/files\/2010\/12\/photo_perfil_uz-264x300.jpg\" width=\"158\" height=\"180\" \/><\/span><\/p>\n<h4><a name=\"Urkovain\"><\/a><span style=\"color: #888888\">Urko Zurutuza<\/span><\/h4>\n<p><span style=\"color: #888888\">Urko holds a PhD in Computer Science at Mondragon University. He combines lectures on Engineering, training to companies, and research in Network Security, Smartphone Security, and applying Data Mining algorithms to solve real world problems. Some application domains he has worker on are: Industry Proceses, Social Media Analysis, e-Learning Environments or Smart phone security to mention a few. <a href=\"http:\/\/www.linkedin.com\/in\/uzurutuza\" target=\"_blank\">LinkedIn<\/a> \/ <a href=\"http:\/\/twitter.com\/urkovain\" target=\"_blank\">Twitter<\/a><\/span><\/p>\n<\/div>\n<div style=\"clear: both\">\n<p><span style=\"color: #888888\"><img loading=\"lazy\" style=\"margin: 8px 10px 5px 0px;float: left\" alt=\"foto de I\u00f1aki Arenaza\" src=\"http:\/\/mukom.mondragon.edu\/socialmedia\/files\/2010\/12\/photo_perfil_ia1-264x300.jpg\" width=\"158\" height=\"180\" \/><\/span><\/p>\n<h4><a name=\"Arenaza\"><\/a><span style=\"color: #888888\">I\u00f1aki Arenaza<\/span><\/h4>\n<p><span style=\"color: #888888\">I\u00f1aki holds a MsC in Computing Engineering from the \u00c9cole Polytechnique F\u00e9d\u00e9rale de Lausanne. He has a broad experience in systems and network administrations. He has always been very active in the free\/libre\/open source software community and have made part of several projects in the last 14 years. His main research interests are networking, computer security and free\/open\/libre source software. <a href=\"http:\/\/www.linkedin.com\/in\/iarenaza\" target=\"_blank\">LinkedIn<\/a> \/ <a href=\"http:\/\/twitter.com\/iarenaza\" target=\"_blank\">Twitter<\/a><\/span><\/p>\n<\/div>\n<div style=\"clear: both\">\n<p><span style=\"color: #888888\"><img loading=\"lazy\" style=\"margin: 8px 10px 5px 0px;float: right\" alt=\"foto de Dani\" src=\"http:\/\/mukom.mondragon.edu\/socialmedia\/files\/2012\/03\/photo_perfil_dr.jpg\" width=\"158\" height=\"180\" \/><\/span><\/p>\n<h4><a name=\"Dani\"><\/a><span style=\"color: #888888\">Dani Reguera<\/span><\/h4>\n<p><span style=\"color: #888888\">Dani es ingeniero Inform\u00e1tico por Mondragon Unibertsitatea ha trabajado durante varios a\u00f1os en el desarrollo de aplicaciones innovadoras en Internet y aplicaciones para dispositivos m\u00f3viles. Evangelizador de Python\/Django y WordPress, sus principales \u00e1reas de investigaci\u00f3n son el desarrollo web, Marketing digital y optimizaci\u00f3n web. <a href=\"http:\/\/www.linkedin.com\/in\/danireguera\" target=\"_blank\">LinkedIn<\/a> \/ <a href=\"http:\/\/twitter.com\/dreguera\" target=\"_blank\">Twitter<\/a><\/span><\/p>\n<\/div>\n<div style=\"clear: both\">\n<p><span style=\"color: #888888\"><img loading=\"lazy\" style=\"margin: 8px 10px 5px 0px;float: left\" alt=\"foto de Montse\" src=\"http:\/\/mukom.mondragon.edu\/socialmedia\/files\/2011\/03\/photo_perfil_me.jpg\" width=\"158\" height=\"180\" \/><\/span><\/p>\n<h4><a name=\"Montse\"><\/a><span style=\"color: #888888\">Montse Ere\u00f1o<\/span><\/h4>\n<p><span style=\"color: #888888\">Montse es Licenciada en Inform\u00e1tica por la Universidad de Deusto. Combina su trabajo como profesora en la Universidad de Mondrag\u00f3n con la formaci\u00f3n a empresas. Sus principales a\u00e9reas de investigaci\u00f3n son el Marketing Digital y los Adolescentes y el Social Media. <a href=\"http:\/\/www.linkedin.com\/pub\/montse-ere%C3%B1o-incera\/26\/455\/5b4\" target=\"_blank\">LinkedIn<\/a> \/ <a href=\"http:\/\/twitter.com\/merenio\" target=\"_blank\">Twitter<\/a><\/span><\/p>\n<\/div>\n","protected":false},"excerpt":{"rendered":"<p>I\u00f1aki Lakarra I\u00f1aki es profesor de Mondragon Unibertsitatea con m\u00e1s de 20 a\u00f1os de experiencia en formaci\u00f3n a empresas, organismos e instituciones. C\u00f3mo Investigador del \u00e1rea de Telematica, ha trabajado en numerosos proyectos de implantaci\u00f3n para las empresas. Coordinador y ponente en diferentes masters en el \u00e1rea del Marketing Digital. LinkedIn \/ Twitter \/ Cicloteka Miguel Fern\u00e1ndez Miguel es Ingeniero Superior de Telecomunicaciones por la Universidad del Pa\u00eds Vasco. Comenz\u00f3 como t\u00e9cnico de redes y sistemas donde adquiri\u00f3 una gran experiencia en el dise\u00f1o, implantaci\u00f3n, mantenimiento y gesti\u00f3n de redes LAN y WAN. Es experto en redes sociales e imparte cursos dentro de diferentes m\u00e1sters. LinkedIn \/ Twitter Jes\u00fas Lizarraga Jesus es Ingeniero en Inform\u00e1tica por Mondragon Unibertsitatea y M.Sc. en computaci\u00f3n por la\u00a0 Universidad de Staffordshire (UK). Es adem\u00e1s instructor homologado de CCNA de CISCO. Tiene una amplia experiencia..<\/p>\n","protected":false},"author":1,"featured_media":0,"parent":0,"menu_order":0,"comment_status":"closed","ping_status":"closed","template":"","meta":[],"yoast_head":"<!-- This site is optimized with the Yoast SEO plugin v19.8 - https:\/\/yoast.com\/wordpress\/plugins\/seo\/ -->\n<title>Guri buruz \/ Qui\u00e9nes somos \/ About us - SocialMedia<\/title>\n<meta name=\"robots\" content=\"index, follow, max-snippet:-1, max-image-preview:large, max-video-preview:-1\" \/>\n<meta property=\"og:locale\" content=\"es_ES\" \/>\n<meta property=\"og:type\" content=\"article\" \/>\n<meta property=\"og:title\" content=\"Guri buruz \/ Qui\u00e9nes somos \/ About us - SocialMedia\" \/>\n<meta property=\"og:description\" content=\"I\u00f1aki Lakarra I\u00f1aki es profesor de Mondragon Unibertsitatea con m\u00e1s de 20 a\u00f1os de experiencia en formaci\u00f3n a empresas, organismos e instituciones. C\u00f3mo Investigador del \u00e1rea de Telematica, ha trabajado en numerosos proyectos de implantaci\u00f3n para las empresas. Coordinador y ponente en diferentes masters en el \u00e1rea del Marketing Digital. LinkedIn \/ Twitter \/ Cicloteka Miguel Fern\u00e1ndez Miguel es Ingeniero Superior de Telecomunicaciones por la Universidad del Pa\u00eds Vasco. Comenz\u00f3 como t\u00e9cnico de redes y sistemas donde adquiri\u00f3 una gran experiencia en el dise\u00f1o, implantaci\u00f3n, mantenimiento y gesti\u00f3n de redes LAN y WAN. Es experto en redes sociales e imparte cursos dentro de diferentes m\u00e1sters. LinkedIn \/ Twitter Jes\u00fas Lizarraga Jesus es Ingeniero en Inform\u00e1tica por Mondragon Unibertsitatea y M.Sc. en computaci\u00f3n por la\u00a0 Universidad de Staffordshire (UK). Es adem\u00e1s instructor homologado de CCNA de CISCO. Tiene una amplia experiencia..\" \/>\n<meta property=\"og:url\" content=\"https:\/\/mukom.mondragon.edu\/socialmedia\/acerca-de\/\" \/>\n<meta property=\"og:site_name\" content=\"SocialMedia\" \/>\n<meta property=\"article:modified_time\" content=\"2015-01-27T14:37:07+00:00\" \/>\n<meta property=\"og:image\" content=\"http:\/\/mukom.mondragon.edu\/socialmedia\/files\/2010\/12\/photo_perfil_il-264x300.jpg\" \/>\n<meta name=\"twitter:label1\" content=\"Tiempo de lectura\" \/>\n\t<meta name=\"twitter:data1\" content=\"3 minutos\" \/>\n<script type=\"application\/ld+json\" class=\"yoast-schema-graph\">{\"@context\":\"https:\/\/schema.org\",\"@graph\":[{\"@type\":\"WebPage\",\"@id\":\"https:\/\/mukom.mondragon.edu\/socialmedia\/acerca-de\/\",\"url\":\"https:\/\/mukom.mondragon.edu\/socialmedia\/acerca-de\/\",\"name\":\"Guri buruz \/ Qui\u00e9nes somos \/ About us - SocialMedia\",\"isPartOf\":{\"@id\":\"https:\/\/mukom.mondragon.edu\/socialmedia\/#website\"},\"datePublished\":\"2010-12-09T09:28:53+00:00\",\"dateModified\":\"2015-01-27T14:37:07+00:00\",\"breadcrumb\":{\"@id\":\"https:\/\/mukom.mondragon.edu\/socialmedia\/acerca-de\/#breadcrumb\"},\"inLanguage\":\"es\",\"potentialAction\":[{\"@type\":\"ReadAction\",\"target\":[\"https:\/\/mukom.mondragon.edu\/socialmedia\/acerca-de\/\"]}]},{\"@type\":\"BreadcrumbList\",\"@id\":\"https:\/\/mukom.mondragon.edu\/socialmedia\/acerca-de\/#breadcrumb\",\"itemListElement\":[{\"@type\":\"ListItem\",\"position\":1,\"name\":\"Home\",\"item\":\"https:\/\/mukom.mondragon.edu\/socialmedia\/\"},{\"@type\":\"ListItem\",\"position\":2,\"name\":\"Guri buruz \/ Qui\u00e9nes somos \/ About us\"}]},{\"@type\":\"WebSite\",\"@id\":\"https:\/\/mukom.mondragon.edu\/socialmedia\/#website\",\"url\":\"https:\/\/mukom.mondragon.edu\/socialmedia\/\",\"name\":\"SocialMedia\",\"description\":\"El blog sobre Social Media de Mondragon Unibertsitatea\",\"potentialAction\":[{\"@type\":\"SearchAction\",\"target\":{\"@type\":\"EntryPoint\",\"urlTemplate\":\"https:\/\/mukom.mondragon.edu\/socialmedia\/?s={search_term_string}\"},\"query-input\":\"required name=search_term_string\"}],\"inLanguage\":\"es\"}]}<\/script>\n<!-- \/ Yoast SEO plugin. -->","yoast_head_json":{"title":"Guri buruz \/ Qui\u00e9nes somos \/ About us - SocialMedia","robots":{"index":"index","follow":"follow","max-snippet":"max-snippet:-1","max-image-preview":"max-image-preview:large","max-video-preview":"max-video-preview:-1"},"og_locale":"es_ES","og_type":"article","og_title":"Guri buruz \/ Qui\u00e9nes somos \/ About us - SocialMedia","og_description":"I\u00f1aki Lakarra I\u00f1aki es profesor de Mondragon Unibertsitatea con m\u00e1s de 20 a\u00f1os de experiencia en formaci\u00f3n a empresas, organismos e instituciones. C\u00f3mo Investigador del \u00e1rea de Telematica, ha trabajado en numerosos proyectos de implantaci\u00f3n para las empresas. Coordinador y ponente en diferentes masters en el \u00e1rea del Marketing Digital. LinkedIn \/ Twitter \/ Cicloteka Miguel Fern\u00e1ndez Miguel es Ingeniero Superior de Telecomunicaciones por la Universidad del Pa\u00eds Vasco. Comenz\u00f3 como t\u00e9cnico de redes y sistemas donde adquiri\u00f3 una gran experiencia en el dise\u00f1o, implantaci\u00f3n, mantenimiento y gesti\u00f3n de redes LAN y WAN. Es experto en redes sociales e imparte cursos dentro de diferentes m\u00e1sters. LinkedIn \/ Twitter Jes\u00fas Lizarraga Jesus es Ingeniero en Inform\u00e1tica por Mondragon Unibertsitatea y M.Sc. en computaci\u00f3n por la\u00a0 Universidad de Staffordshire (UK). Es adem\u00e1s instructor homologado de CCNA de CISCO. Tiene una amplia experiencia..","og_url":"https:\/\/mukom.mondragon.edu\/socialmedia\/acerca-de\/","og_site_name":"SocialMedia","article_modified_time":"2015-01-27T14:37:07+00:00","og_image":[{"url":"http:\/\/mukom.mondragon.edu\/socialmedia\/files\/2010\/12\/photo_perfil_il-264x300.jpg"}],"twitter_misc":{"Tiempo de lectura":"3 minutos"},"schema":{"@context":"https:\/\/schema.org","@graph":[{"@type":"WebPage","@id":"https:\/\/mukom.mondragon.edu\/socialmedia\/acerca-de\/","url":"https:\/\/mukom.mondragon.edu\/socialmedia\/acerca-de\/","name":"Guri buruz \/ Qui\u00e9nes somos \/ About us - SocialMedia","isPartOf":{"@id":"https:\/\/mukom.mondragon.edu\/socialmedia\/#website"},"datePublished":"2010-12-09T09:28:53+00:00","dateModified":"2015-01-27T14:37:07+00:00","breadcrumb":{"@id":"https:\/\/mukom.mondragon.edu\/socialmedia\/acerca-de\/#breadcrumb"},"inLanguage":"es","potentialAction":[{"@type":"ReadAction","target":["https:\/\/mukom.mondragon.edu\/socialmedia\/acerca-de\/"]}]},{"@type":"BreadcrumbList","@id":"https:\/\/mukom.mondragon.edu\/socialmedia\/acerca-de\/#breadcrumb","itemListElement":[{"@type":"ListItem","position":1,"name":"Home","item":"https:\/\/mukom.mondragon.edu\/socialmedia\/"},{"@type":"ListItem","position":2,"name":"Guri buruz \/ Qui\u00e9nes somos \/ About us"}]},{"@type":"WebSite","@id":"https:\/\/mukom.mondragon.edu\/socialmedia\/#website","url":"https:\/\/mukom.mondragon.edu\/socialmedia\/","name":"SocialMedia","description":"El blog sobre Social Media de Mondragon Unibertsitatea","potentialAction":[{"@type":"SearchAction","target":{"@type":"EntryPoint","urlTemplate":"https:\/\/mukom.mondragon.edu\/socialmedia\/?s={search_term_string}"},"query-input":"required name=search_term_string"}],"inLanguage":"es"}]}},"amp_enabled":true,"_links":{"self":[{"href":"https:\/\/mukom.mondragon.edu\/socialmedia\/wp-json\/wp\/v2\/pages\/2"}],"collection":[{"href":"https:\/\/mukom.mondragon.edu\/socialmedia\/wp-json\/wp\/v2\/pages"}],"about":[{"href":"https:\/\/mukom.mondragon.edu\/socialmedia\/wp-json\/wp\/v2\/types\/page"}],"author":[{"embeddable":true,"href":"https:\/\/mukom.mondragon.edu\/socialmedia\/wp-json\/wp\/v2\/users\/1"}],"replies":[{"embeddable":true,"href":"https:\/\/mukom.mondragon.edu\/socialmedia\/wp-json\/wp\/v2\/comments?post=2"}],"version-history":[{"count":239,"href":"https:\/\/mukom.mondragon.edu\/socialmedia\/wp-json\/wp\/v2\/pages\/2\/revisions"}],"predecessor-version":[{"id":3080,"href":"https:\/\/mukom.mondragon.edu\/socialmedia\/wp-json\/wp\/v2\/pages\/2\/revisions\/3080"}],"wp:attachment":[{"href":"https:\/\/mukom.mondragon.edu\/socialmedia\/wp-json\/wp\/v2\/media?parent=2"}],"curies":[{"name":"wp","href":"https:\/\/api.w.org\/{rel}","templated":true}]}}